{"id":817,"date":"2022-05-04T10:03:41","date_gmt":"2022-05-04T15:03:41","guid":{"rendered":"https:\/\/www.colef.mx\/levif\/?page_id=817"},"modified":"2022-05-17T14:20:14","modified_gmt":"2022-05-17T19:20:14","slug":"archivo-solis","status":"publish","type":"page","link":"https:\/\/www.colef.mx\/levif\/archivo-solis\/","title":{"rendered":"Archivo Sol\u00eds"},"content":{"rendered":"\n<div class=\"wp-block-image\"><figure class=\"aligncenter size-large is-resized\"><img loading=\"lazy\" decoding=\"async\" src=\"https:\/\/www.colef.mx\/levif\/wp-content\/uploads\/2022\/05\/solis.jpg\" alt=\"\" class=\"wp-image-837\" width=\"646\" height=\"477\" srcset=\"https:\/\/www.colef.mx\/levif\/wp-content\/uploads\/2022\/05\/solis.jpg 1024w, https:\/\/www.colef.mx\/levif\/wp-content\/uploads\/2022\/05\/solis-300x222.jpg 300w\" sizes=\"auto, (max-width: 646px) 100vw, 646px\" \/><figcaption>Lic. Arturo Sol\u00eds G\u00f3mez<br>Defensor de los Derechos Humanos de los Migrantes y Periodistas<br>(1945 &#8211; 2007)<\/figcaption><\/figure><\/div>\n\n\n\n<p>El Fondo Documental \u00abArturo Sol\u00eds\u00bb originalmente form\u00f3 parte de los archivos del Centro de Estudios Fronterizos y de Promoci\u00f3n de los Derechos Humanos, A. C. (CEFPRODHAC), fundado por el Lic. Arturo Sol\u00eds, en 1990, en la ciudad de Reynosa. El CEFPRODHAC, entre otras actividades, llev\u00f3 a cabo un an\u00e1lisis, seguimiento y denuncia de la violaci\u00f3n de derechos humanos a los migrantes, las condiciones laborales de los trabajadores en la maquila, la corrupci\u00f3n de autoridades y problemas relacionados con el narcotr\u00e1fico y la violencia en la frontera tamaulipeca.<\/p>\n\n\n\n<p>Mira la presentaci\u00f3n del acervo y conoce un poco m\u00e1s de Arturo Sol\u00eds en este video:<\/p>\n\n\n\n<figure class=\"wp-block-embed alignwide is-type-video is-provider-youtube wp-block-embed-youtube wp-embed-aspect-16-9 wp-has-aspect-ratio\"><div class=\"wp-block-embed__wrapper\">\n<iframe loading=\"lazy\" title=\"Fondo Documental \u00abArturo Sol\u00eds\u00bb\" width=\"640\" height=\"360\" src=\"https:\/\/www.youtube.com\/embed\/PW9IDYjcHaM?feature=oembed\" frameborder=\"0\" allow=\"accelerometer; autoplay; clipboard-write; encrypted-media; gyroscope; picture-in-picture; web-share\" referrerpolicy=\"strict-origin-when-cross-origin\" allowfullscreen><\/iframe>\n<\/div><\/figure>\n\n\n\n<p>         <\/p>\n\n\n\n<p><\/p>\n\n\n\n<div class=\"wp-block-columns is-layout-flex wp-container-core-columns-is-layout-9d6595d7 wp-block-columns-is-layout-flex\">\n<div class=\"wp-block-column is-layout-flow wp-block-column-is-layout-flow\" style=\"flex-basis:33.33%\">\n<div class=\"wp-block-image\"><figure class=\"aligncenter size-large is-resized\"><img loading=\"lazy\" decoding=\"async\" src=\"https:\/\/www.colef.mx\/levif\/wp-content\/uploads\/2022\/05\/logo_CEFPRODHAC1.jpg\" alt=\"\" class=\"wp-image-836\" width=\"141\" height=\"182\" srcset=\"https:\/\/www.colef.mx\/levif\/wp-content\/uploads\/2022\/05\/logo_CEFPRODHAC1.jpg 500w, https:\/\/www.colef.mx\/levif\/wp-content\/uploads\/2022\/05\/logo_CEFPRODHAC1-232x300.jpg 232w\" sizes=\"auto, (max-width: 141px) 100vw, 141px\" \/><figcaption>El CEFPRODHAC oper\u00f3 desde 1990 a 2007<\/figcaption><\/figure><\/div>\n<\/div>\n\n\n\n<div class=\"wp-block-column is-layout-flow wp-block-column-is-layout-flow\" style=\"flex-basis:66.66%\">\n<p><\/p>\n\n\n\n<p>Durante poco m\u00e1s de una d\u00e9cada, el CEFPRODHAC fue un referente de informaci\u00f3n y consulta obligada para conocer de estos temas en la regi\u00f3n, hasta la muerte de Arturo Sol\u00eds G\u00f3mez en el a\u00f1o 2007. Posterior a su deceso, el CEFPRODHAC dej\u00f3 de funcionar. Sin embargo, sus familiares conservaron gran parte de los archivos, los cuales en el a\u00f1o 2016 fueron donados a la Dra. Cirila Quintero, con el prop\u00f3sito de conservarlos.<\/p>\n<\/div>\n<\/div>\n\n\n\n<div class=\"wp-block-columns is-layout-flex wp-container-core-columns-is-layout-9d6595d7 wp-block-columns-is-layout-flex\">\n<div class=\"wp-block-column is-layout-flow wp-block-column-is-layout-flow\">\n<div class=\"wp-block-cover has-background-dim has-custom-content-position is-position-bottom-center\"><img decoding=\"async\" class=\"wp-block-cover__image-background\" alt=\"\" src=\"https:\/\/enlineadirecta.info\/fotos\/Realizan_presentacion_documental_(1).jpg\" style=\"object-position:48% 46%\" data-object-fit=\"cover\" data-object-position=\"48% 46%\"\/><div class=\"wp-block-cover__inner-container is-layout-flow wp-block-cover-is-layout-flow\">\n<p class=\"has-large-font-size\">La Lic. Amelia Acosta y la Dra. Cirila Quintero<\/p>\n<\/div><\/div>\n\n\n\n<p><\/p>\n\n\n\n<p><\/p>\n<\/div>\n\n\n\n<div class=\"wp-block-column is-layout-flow wp-block-column-is-layout-flow\">\n<div class=\"wp-block-cover has-background-dim has-custom-content-position is-position-bottom-right\"><img decoding=\"async\" class=\"wp-block-cover__image-background\" alt=\"\" src=\"https:\/\/enlineadirecta.info\/fotos\/Realizan%20presentacion%20documental%20(4).jpg\" style=\"object-position:56% 30%\" data-object-fit=\"cover\" data-object-position=\"56% 30%\"\/><div class=\"wp-block-cover__inner-container is-layout-flow wp-block-cover-is-layout-flow\">\n<p class=\"has-text-align-right has-large-font-size\">Cajas del Archivo Arturo Sol\u00eds<br><\/p>\n<\/div><\/div>\n<\/div>\n<\/div>\n\n\n\n<p class=\"has-text-align-center has-cyan-bluish-gray-color has-text-color has-small-font-size\">El Colegio de la Frontera Norte (Matamoros) | Fotograf\u00edas: En L\u00ednea Directa.info<\/p>\n\n\n\n<p class=\"has-text-align-center has-cyan-bluish-gray-color has-text-color has-small-font-size\"><\/p>\n\n\n\n<p><\/p>\n\n\n\n<p>Actualmente, los archivos se encuentran resguardados en El Colegio de la Frontera Norte en Matamoros. En el marco de las actividades del Laboratorio de Estudios sobre Violencia en la Frontera (LEVIF) se ha iniciado el ordenamiento y clasificaci\u00f3n de 84 cajas que contienen m\u00e1s de 2,300 carpetas con fuentes hemerogr\u00e1ficas, fotogr\u00e1ficas y documentales. El fondo re\u00fane dichas fuentes y se ha creado en memoria del Lic. Arturo Sol\u00eds y en agradecimiento al CEFPRODHAC.<\/p>\n\n\n\n<p><\/p>\n","protected":false},"excerpt":{"rendered":"<p>El Fondo Documental \u00abArturo Sol\u00eds\u00bb originalmente form\u00f3 parte de los archivos del Centro de Estudios Fronterizos y de Promoci\u00f3n de los Derechos Humanos, A. C. (CEFPRODHAC), fundado por el Lic. Arturo Sol\u00eds, en 1990, en la ciudad de Reynosa. El CEFPRODHAC, entre otras actividades, llev\u00f3 a cabo un an\u00e1lisis, seguimiento y denuncia de la violaci\u00f3n [&hellip;]<\/p>\n","protected":false},"author":8,"featured_media":0,"parent":0,"menu_order":0,"comment_status":"closed","ping_status":"closed","template":"","meta":{"cybocfi_hide_featured_image":"","footnotes":""},"class_list":["post-817","page","type-page","status-publish","hentry"],"_links":{"self":[{"href":"https:\/\/www.colef.mx\/levif\/wp-json\/wp\/v2\/pages\/817","targetHints":{"allow":["GET"]}}],"collection":[{"href":"https:\/\/www.colef.mx\/levif\/wp-json\/wp\/v2\/pages"}],"about":[{"href":"https:\/\/www.colef.mx\/levif\/wp-json\/wp\/v2\/types\/page"}],"author":[{"embeddable":true,"href":"https:\/\/www.colef.mx\/levif\/wp-json\/wp\/v2\/users\/8"}],"replies":[{"embeddable":true,"href":"https:\/\/www.colef.mx\/levif\/wp-json\/wp\/v2\/comments?post=817"}],"version-history":[{"count":9,"href":"https:\/\/www.colef.mx\/levif\/wp-json\/wp\/v2\/pages\/817\/revisions"}],"predecessor-version":[{"id":848,"href":"https:\/\/www.colef.mx\/levif\/wp-json\/wp\/v2\/pages\/817\/revisions\/848"}],"wp:attachment":[{"href":"https:\/\/www.colef.mx\/levif\/wp-json\/wp\/v2\/media?parent=817"}],"curies":[{"name":"wp","href":"https:\/\/api.w.org\/{rel}","templated":true}]}}