{"id":795,"date":"2022-04-18T12:50:09","date_gmt":"2022-04-18T17:50:09","guid":{"rendered":"https:\/\/www.colef.mx\/levif\/?page_id=795"},"modified":"2022-04-19T13:28:12","modified_gmt":"2022-04-19T18:28:12","slug":"videos","status":"publish","type":"page","link":"https:\/\/www.colef.mx\/levif\/videos\/","title":{"rendered":"Videos"},"content":{"rendered":"\n<p class=\"has-medium-font-size\"><strong>Mujeres Obreras en Matamoros: Espacios seguros e inseguros<\/strong><\/p>\n\n\n\n<figure class=\"wp-block-embed is-type-video is-provider-youtube wp-block-embed-youtube wp-embed-aspect-16-9 wp-has-aspect-ratio\"><div class=\"wp-block-embed__wrapper\">\n<iframe loading=\"lazy\" title=\"Mujeres Obreras en Matamoros: Espacios seguros e inseguros\" width=\"640\" height=\"360\" src=\"https:\/\/www.youtube.com\/embed\/TGVdroBJ-jk?feature=oembed\" frameborder=\"0\" allow=\"accelerometer; autoplay; clipboard-write; encrypted-media; gyroscope; picture-in-picture; web-share\" referrerpolicy=\"strict-origin-when-cross-origin\" allowfullscreen><\/iframe>\n<\/div><\/figure>\n\n\n\n<p class=\"has-medium-font-size\"><strong>Laboratorio de Estudios Sobre la Violencia en la Frontera (LEVIF)<\/strong><\/p>\n\n\n\n<figure class=\"wp-block-embed is-type-video is-provider-youtube wp-block-embed-youtube wp-embed-aspect-16-9 wp-has-aspect-ratio\"><div class=\"wp-block-embed__wrapper\">\n<iframe loading=\"lazy\" title=\"Laboratorio de Estudios sobre la Violencia en la Frontera (LEVIF) | Di\u00e1logos desde la Frontera\" width=\"640\" height=\"360\" src=\"https:\/\/www.youtube.com\/embed\/TODye2HuuSw?feature=oembed\" frameborder=\"0\" allow=\"accelerometer; autoplay; clipboard-write; encrypted-media; gyroscope; picture-in-picture; web-share\" referrerpolicy=\"strict-origin-when-cross-origin\" allowfullscreen><\/iframe>\n<\/div><\/figure>\n\n\n\n<p class=\"has-medium-font-size\"><strong>Di\u00e1logos sobre violencia y paz en Am\u00e9rica Latina II<\/strong><\/p>\n\n\n\n<figure class=\"wp-block-embed is-type-video is-provider-youtube wp-block-embed-youtube wp-embed-aspect-16-9 wp-has-aspect-ratio\"><div class=\"wp-block-embed__wrapper\">\n<iframe loading=\"lazy\" title=\"Di\u00e1logos sobre violencia y paz en Am\u00e9rica Latina II\" width=\"640\" height=\"360\" src=\"https:\/\/www.youtube.com\/embed\/E2LWF1b8_J0?feature=oembed\" frameborder=\"0\" allow=\"accelerometer; autoplay; clipboard-write; encrypted-media; gyroscope; picture-in-picture; web-share\" referrerpolicy=\"strict-origin-when-cross-origin\" allowfullscreen><\/iframe>\n<\/div><\/figure>\n\n\n\n<p class=\"has-medium-font-size\"><strong>Di\u00e1logos sobre violencia y paz en Am\u00e9rica Latina I<\/strong><\/p>\n\n\n\n<figure class=\"wp-block-embed is-type-video is-provider-youtube wp-block-embed-youtube wp-embed-aspect-16-9 wp-has-aspect-ratio\"><div class=\"wp-block-embed__wrapper\">\n<iframe loading=\"lazy\" title=\"Di\u00e1logos sobre violencia y paz en Am\u00e9rica Latina | Taller\" width=\"640\" height=\"360\" src=\"https:\/\/www.youtube.com\/embed\/ZYxP3639HN4?feature=oembed\" frameborder=\"0\" allow=\"accelerometer; autoplay; clipboard-write; encrypted-media; gyroscope; picture-in-picture; web-share\" referrerpolicy=\"strict-origin-when-cross-origin\" allowfullscreen><\/iframe>\n<\/div><\/figure>\n\n\n\n<p class=\"has-medium-font-size\"><strong>Testimonios: La masacre de San Fernando. A una d\u00e9cada<\/strong><\/p>\n\n\n\n<figure class=\"wp-block-embed is-type-video is-provider-youtube wp-block-embed-youtube wp-embed-aspect-16-9 wp-has-aspect-ratio\"><div class=\"wp-block-embed__wrapper\">\n<iframe loading=\"lazy\" title=\"La masacre de San Fernando. A una de\u0301cada\" width=\"640\" height=\"360\" src=\"https:\/\/www.youtube.com\/embed\/bdwy7nPkto0?start=179&#038;feature=oembed\" frameborder=\"0\" allow=\"accelerometer; autoplay; clipboard-write; encrypted-media; gyroscope; picture-in-picture; web-share\" referrerpolicy=\"strict-origin-when-cross-origin\" allowfullscreen><\/iframe>\n<\/div><\/figure>\n\n\n\n<p class=\"has-medium-font-size\"><strong>Homenaje al Dr. Jorge A. Bustamante (QEPD)<\/strong><\/p>\n\n\n\n<figure class=\"wp-block-video\"><video controls preload=\"auto\" src=\"https:\/\/drive.google.com\/file\/d\/1JGA78kp9-h0Ad9Fd317cZk0zl_uV7mGd\/view?usp=sharing\"><\/video><figcaption>SI presentas problemas para visualizar este video, da click <strong><a href=\"https:\/\/drive.google.com\/file\/d\/1JGA78kp9-h0Ad9Fd317cZk0zl_uV7mGd\/view?usp=sharing\" data-type=\"URL\" data-id=\"https:\/\/drive.google.com\/file\/d\/1JGA78kp9-h0Ad9Fd317cZk0zl_uV7mGd\/view?usp=sharing\" target=\"_blank\" rel=\"noreferrer noopener\">aqu\u00ed<\/a><\/strong><\/figcaption><\/figure>\n","protected":false},"excerpt":{"rendered":"<p>Mujeres Obreras en Matamoros: Espacios seguros e inseguros Laboratorio de Estudios Sobre la Violencia en la Frontera (LEVIF) Di\u00e1logos sobre violencia y paz en Am\u00e9rica Latina II Di\u00e1logos sobre violencia y paz en Am\u00e9rica Latina I Testimonios: La masacre de San Fernando. A una d\u00e9cada Homenaje al Dr. Jorge A. Bustamante (QEPD)<\/p>\n","protected":false},"author":8,"featured_media":0,"parent":0,"menu_order":0,"comment_status":"closed","ping_status":"closed","template":"","meta":{"cybocfi_hide_featured_image":"","footnotes":""},"class_list":["post-795","page","type-page","status-publish","hentry"],"_links":{"self":[{"href":"https:\/\/www.colef.mx\/levif\/wp-json\/wp\/v2\/pages\/795","targetHints":{"allow":["GET"]}}],"collection":[{"href":"https:\/\/www.colef.mx\/levif\/wp-json\/wp\/v2\/pages"}],"about":[{"href":"https:\/\/www.colef.mx\/levif\/wp-json\/wp\/v2\/types\/page"}],"author":[{"embeddable":true,"href":"https:\/\/www.colef.mx\/levif\/wp-json\/wp\/v2\/users\/8"}],"replies":[{"embeddable":true,"href":"https:\/\/www.colef.mx\/levif\/wp-json\/wp\/v2\/comments?post=795"}],"version-history":[{"count":7,"href":"https:\/\/www.colef.mx\/levif\/wp-json\/wp\/v2\/pages\/795\/revisions"}],"predecessor-version":[{"id":815,"href":"https:\/\/www.colef.mx\/levif\/wp-json\/wp\/v2\/pages\/795\/revisions\/815"}],"wp:attachment":[{"href":"https:\/\/www.colef.mx\/levif\/wp-json\/wp\/v2\/media?parent=795"}],"curies":[{"name":"wp","href":"https:\/\/api.w.org\/{rel}","templated":true}]}}