{"id":696,"date":"2022-03-22T09:56:28","date_gmt":"2022-03-22T15:56:28","guid":{"rendered":"https:\/\/www.colef.mx\/levif\/?page_id=696"},"modified":"2022-10-31T10:50:52","modified_gmt":"2022-10-31T15:50:52","slug":"colef-press","status":"publish","type":"page","link":"https:\/\/www.colef.mx\/levif\/colef-press\/","title":{"rendered":"ColefPress"},"content":{"rendered":"\n<div class=\"wp-block-columns is-layout-flex wp-container-core-columns-is-layout-9d6595d7 wp-block-columns-is-layout-flex\">\n<div class=\"wp-block-column is-layout-flow wp-block-column-is-layout-flow\">\n<p><\/p>\n\n\n\n<p>En este aparatado podemos encontrar opiniones y reflexiones de los profesores \/ investigadores de El Colef desde el apartado de reflexi\u00f3n <strong>ColefPress<\/strong> acerca de situaciones tales como migraci\u00f3n, pol\u00edtica, medio ambiente, econom\u00eda, cultura, innovaci\u00f3n, g\u00e9nero, <strong>violencia y paz<\/strong> en M\u00e9xico y el mundo.<\/p>\n\n\n\n<p>Las entradas dirigen a una lista de reproducci\u00f3n al canal oficial de El Colef en YouTube<\/p>\n<\/div>\n\n\n\n<div class=\"wp-block-column is-layout-flow wp-block-column-is-layout-flow\">\n<figure class=\"wp-block-image size-large is-resized\"><img loading=\"lazy\" decoding=\"async\" src=\"https:\/\/www.colef.mx\/levif\/wp-content\/uploads\/2022\/03\/colefpress-logo-1024x577.png\" alt=\"\" class=\"wp-image-713\" width=\"444\" height=\"250\" srcset=\"https:\/\/www.colef.mx\/levif\/wp-content\/uploads\/2022\/03\/colefpress-logo-1024x577.png 1024w, https:\/\/www.colef.mx\/levif\/wp-content\/uploads\/2022\/03\/colefpress-logo-300x169.png 300w, https:\/\/www.colef.mx\/levif\/wp-content\/uploads\/2022\/03\/colefpress-logo-768x432.png 768w, https:\/\/www.colef.mx\/levif\/wp-content\/uploads\/2022\/03\/colefpress-logo-1536x865.png 1536w, https:\/\/www.colef.mx\/levif\/wp-content\/uploads\/2022\/03\/colefpress-logo.png 1600w\" sizes=\"auto, (max-width: 444px) 100vw, 444px\" \/><\/figure>\n<\/div>\n<\/div>\n\n\n\n<div style=\"height:50px\" aria-hidden=\"true\" class=\"wp-block-spacer\"><\/div>\n\n\n\n<blockquote class=\"wp-block-quote is-style-large is-layout-flow wp-block-quote-is-layout-flow\"><p>Las opiniones expresadas en los videos son responsabilidad de quien las emite y no reflejan necesariamente una postura institucional de El Colef&#8221;<\/p><\/blockquote>\n\n\n\n<div style=\"height:50px\" aria-hidden=\"true\" class=\"wp-block-spacer\"><\/div>\n\n\n\n<h4 class=\"wp-block-heading\">Puedes consultar todas las Entradas 2022 de ColefPress <a rel=\"noreferrer noopener\" href=\"https:\/\/youtube.com\/playlist?list=PL6MJBd6DK54EqhFJ5R7ROW1v_bcE_V-aZ\" data-type=\"URL\" data-id=\"https:\/\/youtube.com\/playlist?list=PL6MJBd6DK54EqhFJ5R7ROW1v_bcE_V-aZ\" target=\"_blank\">aqu\u00ed<\/a><\/h4>\n\n\n\n<div class=\"wp-block-columns is-layout-flex wp-container-core-columns-is-layout-9d6595d7 wp-block-columns-is-layout-flex\">\n<div class=\"wp-block-column is-layout-flow wp-block-column-is-layout-flow\"><\/div>\n\n\n\n<div class=\"wp-block-column is-layout-flow wp-block-column-is-layout-flow\">\n<figure class=\"wp-block-embed is-type-video is-provider-youtube wp-block-embed-youtube wp-embed-aspect-16-9 wp-has-aspect-ratio\"><div class=\"wp-block-embed__wrapper\">\n<iframe loading=\"lazy\" title=\"Violencia en Chihuahua | Colef Press\" width=\"640\" height=\"360\" src=\"https:\/\/www.youtube.com\/embed\/F6ZS-UVVY4o?feature=oembed\" frameborder=\"0\" allow=\"accelerometer; autoplay; clipboard-write; encrypted-media; gyroscope; picture-in-picture; web-share\" referrerpolicy=\"strict-origin-when-cross-origin\" allowfullscreen><\/iframe>\n<\/div><\/figure>\n<\/div>\n\n\n\n<div class=\"wp-block-column is-layout-flow wp-block-column-is-layout-flow\">\n<figure class=\"wp-block-embed is-type-video is-provider-youtube wp-block-embed-youtube wp-embed-aspect-16-9 wp-has-aspect-ratio\"><div class=\"wp-block-embed__wrapper\">\n<iframe loading=\"lazy\" title=\"Grupos criminales, violencia, causas y aspectos comunes | Colef Press\" width=\"640\" height=\"360\" src=\"https:\/\/www.youtube.com\/embed\/varzJwrAvLI?feature=oembed\" frameborder=\"0\" allow=\"accelerometer; autoplay; clipboard-write; encrypted-media; gyroscope; picture-in-picture; web-share\" referrerpolicy=\"strict-origin-when-cross-origin\" allowfullscreen><\/iframe>\n<\/div><\/figure>\n<\/div>\n<\/div>\n\n\n\n<div class=\"wp-block-columns is-layout-flex wp-container-core-columns-is-layout-9d6595d7 wp-block-columns-is-layout-flex\">\n<div class=\"wp-block-column is-layout-flow wp-block-column-is-layout-flow\">\n<figure class=\"wp-block-embed is-type-video is-provider-youtube wp-block-embed-youtube wp-embed-aspect-16-9 wp-has-aspect-ratio\"><div class=\"wp-block-embed__wrapper\">\n<iframe loading=\"lazy\" title=\"Control de armas en EE.UU. | Colef Press\" width=\"640\" height=\"360\" src=\"https:\/\/www.youtube.com\/embed\/InY_X_ygOoU?feature=oembed\" frameborder=\"0\" allow=\"accelerometer; autoplay; clipboard-write; encrypted-media; gyroscope; picture-in-picture; web-share\" referrerpolicy=\"strict-origin-when-cross-origin\" allowfullscreen><\/iframe>\n<\/div><\/figure>\n<\/div>\n\n\n\n<div class=\"wp-block-column is-layout-flow wp-block-column-is-layout-flow\">\n<figure class=\"wp-block-embed is-type-video is-provider-youtube wp-block-embed-youtube wp-embed-aspect-16-9 wp-has-aspect-ratio\"><div class=\"wp-block-embed__wrapper\">\n<iframe loading=\"lazy\" title=\"Reflexi\u00f3n sobre la violencia en Nuevo Laredo | Colef Press\" width=\"640\" height=\"360\" src=\"https:\/\/www.youtube.com\/embed\/EyghNDTDOmA?feature=oembed\" frameborder=\"0\" allow=\"accelerometer; autoplay; clipboard-write; encrypted-media; gyroscope; picture-in-picture; web-share\" referrerpolicy=\"strict-origin-when-cross-origin\" allowfullscreen><\/iframe>\n<\/div><\/figure>\n<\/div>\n\n\n\n<div class=\"wp-block-column is-layout-flow wp-block-column-is-layout-flow\">\n<figure class=\"wp-block-embed is-type-video is-provider-youtube wp-block-embed-youtube wp-embed-aspect-16-9 wp-has-aspect-ratio\"><div class=\"wp-block-embed__wrapper\">\n<iframe loading=\"lazy\" title=\"Reflexi\u00f3n sobre el conflicto Rusia-Ucrania\" width=\"640\" height=\"360\" src=\"https:\/\/www.youtube.com\/embed\/iyruxx2hACs?feature=oembed\" frameborder=\"0\" allow=\"accelerometer; autoplay; clipboard-write; encrypted-media; gyroscope; picture-in-picture; web-share\" referrerpolicy=\"strict-origin-when-cross-origin\" allowfullscreen><\/iframe>\n<\/div><\/figure>\n<\/div>\n<\/div>\n\n\n\n<h4 class=\"wp-block-heading\">Puedes consultar todas las Entradas 2021 de ColefPress <a rel=\"noreferrer noopener\" href=\"https:\/\/youtube.com\/playlist?list=PL6MJBd6DK54GAa7qZX_JeX5DcKSa9Nm-Q\" data-type=\"URL\" data-id=\"https:\/\/youtube.com\/playlist?list=PL6MJBd6DK54GAa7qZX_JeX5DcKSa9Nm-Q\" target=\"_blank\">aqu\u00ed<\/a><\/h4>\n\n\n\n<div class=\"wp-block-columns is-layout-flex wp-container-core-columns-is-layout-9d6595d7 wp-block-columns-is-layout-flex\">\n<div class=\"wp-block-column is-layout-flow wp-block-column-is-layout-flow\">\n<figure class=\"wp-block-embed is-type-video is-provider-youtube wp-block-embed-youtube wp-embed-aspect-16-9 wp-has-aspect-ratio\"><div class=\"wp-block-embed__wrapper\">\n<iframe loading=\"lazy\" title=\"Actos violentos en Matamoros, Tamaulipas | Colef Press\" width=\"640\" height=\"360\" src=\"https:\/\/www.youtube.com\/embed\/oMWhZ6GqtmM?feature=oembed\" frameborder=\"0\" allow=\"accelerometer; autoplay; clipboard-write; encrypted-media; gyroscope; picture-in-picture; web-share\" referrerpolicy=\"strict-origin-when-cross-origin\" allowfullscreen><\/iframe>\n<\/div><\/figure>\n<\/div>\n\n\n\n<div class=\"wp-block-column is-layout-flow wp-block-column-is-layout-flow\">\n<figure class=\"wp-block-embed is-type-video is-provider-youtube wp-block-embed-youtube wp-embed-aspect-16-9 wp-has-aspect-ratio\"><div class=\"wp-block-embed__wrapper\">\n<iframe loading=\"lazy\" title=\"Reflexi\u00f3n sobre la desaparici\u00f3n forzada y fosas clandestinas en Tamaulipas\" width=\"640\" height=\"360\" src=\"https:\/\/www.youtube.com\/embed\/gyCGCeTJRpA?feature=oembed\" frameborder=\"0\" allow=\"accelerometer; autoplay; clipboard-write; encrypted-media; gyroscope; picture-in-picture; web-share\" referrerpolicy=\"strict-origin-when-cross-origin\" allowfullscreen><\/iframe>\n<\/div><\/figure>\n<\/div>\n\n\n\n<div class=\"wp-block-column is-layout-flow wp-block-column-is-layout-flow\">\n<figure class=\"wp-block-embed is-type-video is-provider-youtube wp-block-embed-youtube wp-embed-aspect-16-9 wp-has-aspect-ratio\"><div class=\"wp-block-embed__wrapper\">\n<iframe loading=\"lazy\" title=\"Reflexi\u00f3n sobre la violencia en Reynosa, Tamaulipas\" width=\"640\" height=\"360\" src=\"https:\/\/www.youtube.com\/embed\/hXxRdA27UyQ?feature=oembed\" frameborder=\"0\" allow=\"accelerometer; autoplay; clipboard-write; encrypted-media; gyroscope; picture-in-picture; web-share\" referrerpolicy=\"strict-origin-when-cross-origin\" allowfullscreen><\/iframe>\n<\/div><\/figure>\n<\/div>\n<\/div>\n\n\n\n<div class=\"wp-block-columns is-layout-flex wp-container-core-columns-is-layout-9d6595d7 wp-block-columns-is-layout-flex\">\n<div class=\"wp-block-column is-layout-flow wp-block-column-is-layout-flow\">\n<figure class=\"wp-block-embed is-type-video is-provider-youtube wp-block-embed-youtube wp-embed-aspect-16-9 wp-has-aspect-ratio\"><div class=\"wp-block-embed__wrapper\">\n<iframe loading=\"lazy\" title=\"Reflexi\u00f3n sobre la educaci\u00f3n sexual para prevenir la violencia\" width=\"640\" height=\"360\" src=\"https:\/\/www.youtube.com\/embed\/n9eVx5Y_1UA?feature=oembed\" frameborder=\"0\" allow=\"accelerometer; autoplay; clipboard-write; encrypted-media; gyroscope; picture-in-picture; web-share\" referrerpolicy=\"strict-origin-when-cross-origin\" allowfullscreen><\/iframe>\n<\/div><\/figure>\n<\/div>\n\n\n\n<div class=\"wp-block-column is-layout-flow wp-block-column-is-layout-flow\">\n<figure class=\"wp-block-embed is-type-video is-provider-youtube wp-block-embed-youtube wp-embed-aspect-16-9 wp-has-aspect-ratio\"><div class=\"wp-block-embed__wrapper\">\n<iframe loading=\"lazy\" title=\"Reflexi\u00f3n sobre casos de feminicidio y violencia de g\u00e9nero en M\u00e9xico\" width=\"640\" height=\"360\" src=\"https:\/\/www.youtube.com\/embed\/t5kBtUKS1_o?feature=oembed\" frameborder=\"0\" allow=\"accelerometer; autoplay; clipboard-write; encrypted-media; gyroscope; picture-in-picture; web-share\" referrerpolicy=\"strict-origin-when-cross-origin\" allowfullscreen><\/iframe>\n<\/div><\/figure>\n<\/div>\n<\/div>\n\n\n\n<h4 class=\"wp-block-heading\">Puedes consultar todas las Entradas 2020 de ColefPress <a rel=\"noreferrer noopener\" href=\"https:\/\/youtube.com\/playlist?list=PL6MJBd6DK54Eq5AgAUXYBxOpBS-pdKKIc\" data-type=\"URL\" data-id=\"https:\/\/youtube.com\/playlist?list=PL6MJBd6DK54Eq5AgAUXYBxOpBS-pdKKIc\" target=\"_blank\">aqu\u00ed<\/a><\/h4>\n\n\n\n<div class=\"wp-block-group\"><div class=\"wp-block-group__inner-container is-layout-flow wp-block-group-is-layout-flow\">\n<div class=\"wp-block-columns is-layout-flex wp-container-core-columns-is-layout-9d6595d7 wp-block-columns-is-layout-flex\"><\/div>\n<\/div><\/div>\n\n\n\n<div class=\"wp-block-columns is-layout-flex wp-container-core-columns-is-layout-9d6595d7 wp-block-columns-is-layout-flex\">\n<div class=\"wp-block-column is-layout-flow wp-block-column-is-layout-flow\">\n<figure class=\"wp-block-embed is-type-video is-provider-youtube wp-block-embed-youtube wp-embed-aspect-16-9 wp-has-aspect-ratio\"><div class=\"wp-block-embed__wrapper\">\n<iframe loading=\"lazy\" title=\"Instituciones policiales en M\u00e9xico | Colef Press\" width=\"640\" height=\"360\" src=\"https:\/\/www.youtube.com\/embed\/g6Fs00b8Y3Q?feature=oembed\" frameborder=\"0\" allow=\"accelerometer; autoplay; clipboard-write; encrypted-media; gyroscope; picture-in-picture; web-share\" referrerpolicy=\"strict-origin-when-cross-origin\" allowfullscreen><\/iframe>\n<\/div><\/figure>\n<\/div>\n\n\n\n<div class=\"wp-block-column is-layout-flow wp-block-column-is-layout-flow\">\n<figure class=\"wp-block-embed is-type-video is-provider-youtube wp-block-embed-youtube wp-embed-aspect-16-9 wp-has-aspect-ratio\"><div class=\"wp-block-embed__wrapper\">\n<iframe loading=\"lazy\" title=\"El crimen organizado en comunidades marginadas ante el Covid-19 | Colef Press\" width=\"640\" height=\"360\" src=\"https:\/\/www.youtube.com\/embed\/wHd49s9IpQU?feature=oembed\" frameborder=\"0\" allow=\"accelerometer; autoplay; clipboard-write; encrypted-media; gyroscope; picture-in-picture; web-share\" referrerpolicy=\"strict-origin-when-cross-origin\" allowfullscreen><\/iframe>\n<\/div><\/figure>\n<\/div>\n<\/div>\n\n\n\n<div class=\"wp-block-columns is-layout-flex wp-container-core-columns-is-layout-9d6595d7 wp-block-columns-is-layout-flex\">\n<div class=\"wp-block-column is-layout-flow wp-block-column-is-layout-flow\">\n<figure class=\"wp-block-embed is-type-video is-provider-youtube wp-block-embed-youtube wp-embed-aspect-16-9 wp-has-aspect-ratio\"><div class=\"wp-block-embed__wrapper\">\n<iframe loading=\"lazy\" title=\"Reflexi\u00f3n sobre violencia contra las mujeres en la coyuntura del COVID-19 | Colef Press\" width=\"640\" height=\"360\" src=\"https:\/\/www.youtube.com\/embed\/kynBbWehqgI?feature=oembed\" frameborder=\"0\" allow=\"accelerometer; autoplay; clipboard-write; encrypted-media; gyroscope; picture-in-picture; web-share\" referrerpolicy=\"strict-origin-when-cross-origin\" allowfullscreen><\/iframe>\n<\/div><\/figure>\n<\/div>\n\n\n\n<div class=\"wp-block-column is-layout-flow wp-block-column-is-layout-flow\">\n<figure class=\"wp-block-embed is-type-video is-provider-youtube wp-block-embed-youtube wp-embed-aspect-16-9 wp-has-aspect-ratio\"><div class=\"wp-block-embed__wrapper\">\n<iframe loading=\"lazy\" title=\"Reflexi\u00f3n a una d\u00e9cada de la Masacre de San Fernando | Colef Press\" width=\"640\" height=\"360\" src=\"https:\/\/www.youtube.com\/embed\/q1TVOxwUb8Q?feature=oembed\" frameborder=\"0\" allow=\"accelerometer; autoplay; clipboard-write; encrypted-media; gyroscope; picture-in-picture; web-share\" referrerpolicy=\"strict-origin-when-cross-origin\" allowfullscreen><\/iframe>\n<\/div><\/figure>\n<\/div>\n<\/div>\n","protected":false},"excerpt":{"rendered":"<p>En este aparatado podemos encontrar opiniones y reflexiones de los profesores \/ investigadores de El Colef desde el apartado de reflexi\u00f3n ColefPress acerca de situaciones tales como migraci\u00f3n, pol\u00edtica, medio ambiente, econom\u00eda, cultura, innovaci\u00f3n, g\u00e9nero, violencia y paz en M\u00e9xico y el mundo. Las entradas dirigen a una lista de reproducci\u00f3n al canal oficial de [&hellip;]<\/p>\n","protected":false},"author":8,"featured_media":714,"parent":0,"menu_order":0,"comment_status":"closed","ping_status":"closed","template":"","meta":{"cybocfi_hide_featured_image":"","footnotes":""},"class_list":["post-696","page","type-page","status-publish","has-post-thumbnail","hentry"],"_links":{"self":[{"href":"https:\/\/www.colef.mx\/levif\/wp-json\/wp\/v2\/pages\/696","targetHints":{"allow":["GET"]}}],"collection":[{"href":"https:\/\/www.colef.mx\/levif\/wp-json\/wp\/v2\/pages"}],"about":[{"href":"https:\/\/www.colef.mx\/levif\/wp-json\/wp\/v2\/types\/page"}],"author":[{"embeddable":true,"href":"https:\/\/www.colef.mx\/levif\/wp-json\/wp\/v2\/users\/8"}],"replies":[{"embeddable":true,"href":"https:\/\/www.colef.mx\/levif\/wp-json\/wp\/v2\/comments?post=696"}],"version-history":[{"count":12,"href":"https:\/\/www.colef.mx\/levif\/wp-json\/wp\/v2\/pages\/696\/revisions"}],"predecessor-version":[{"id":877,"href":"https:\/\/www.colef.mx\/levif\/wp-json\/wp\/v2\/pages\/696\/revisions\/877"}],"wp:featuredmedia":[{"embeddable":true,"href":"https:\/\/www.colef.mx\/levif\/wp-json\/wp\/v2\/media\/714"}],"wp:attachment":[{"href":"https:\/\/www.colef.mx\/levif\/wp-json\/wp\/v2\/media?parent=696"}],"curies":[{"name":"wp","href":"https:\/\/api.w.org\/{rel}","templated":true}]}}