{"id":681,"date":"2022-03-22T09:25:34","date_gmt":"2022-03-22T15:25:34","guid":{"rendered":"https:\/\/www.colef.mx\/levif\/?page_id=681"},"modified":"2022-03-29T12:54:04","modified_gmt":"2022-03-29T18:54:04","slug":"que-hacemos","status":"publish","type":"page","link":"https:\/\/www.colef.mx\/levif\/que-hacemos\/","title":{"rendered":"\u00bfQu\u00e9 hacemos?"},"content":{"rendered":"\n<p>El LEVIF tiene como objetivo central el estudio de la violencia que se vive en la frontera norte de M\u00e9xico, espec\u00edficamente la violencia criminal que se hace visible a trav\u00e9s de homicidios dolosos, feminicidios, juvenicidios y da\u00f1os a la propiedad privada. Nuestras actividades concretas se basan en:<\/p>\n\n\n\n<p>1. La creaci\u00f3n de un banco de datos<\/p>\n\n\n\n<p>2. La experimentaci\u00f3n focalizada<\/p>\n\n\n\n<p>3. El desarrollo de policy analysis<\/p>\n\n\n\n<p>4. El an\u00e1lisis y difusi\u00f3n de informaci\u00f3n<\/p>\n\n\n\n<p>Considerando lo anterior, el LEVIF es un proyecto que tiene como objetivo paralelo hacer propuestas en materia de seguridad fronteriza, dados los impactos de la violencia en la vida social y cultural de la frontera y la necesidad de transformarla. En virtud de ello, generamos y difundimos reportes trimestrales de la violencia en la frontera, as\u00ed como policy memos.<\/p>\n","protected":false},"excerpt":{"rendered":"<p>El LEVIF tiene como objetivo central el estudio de la violencia que se vive en la frontera norte de M\u00e9xico, espec\u00edficamente la violencia criminal que se hace visible a trav\u00e9s de homicidios dolosos, feminicidios, juvenicidios y da\u00f1os a la propiedad privada. Nuestras actividades concretas se basan en: 1. La creaci\u00f3n de un banco de datos [&hellip;]<\/p>\n","protected":false},"author":8,"featured_media":0,"parent":0,"menu_order":0,"comment_status":"closed","ping_status":"closed","template":"","meta":{"cybocfi_hide_featured_image":"","footnotes":""},"class_list":["post-681","page","type-page","status-publish","hentry"],"_links":{"self":[{"href":"https:\/\/www.colef.mx\/levif\/wp-json\/wp\/v2\/pages\/681","targetHints":{"allow":["GET"]}}],"collection":[{"href":"https:\/\/www.colef.mx\/levif\/wp-json\/wp\/v2\/pages"}],"about":[{"href":"https:\/\/www.colef.mx\/levif\/wp-json\/wp\/v2\/types\/page"}],"author":[{"embeddable":true,"href":"https:\/\/www.colef.mx\/levif\/wp-json\/wp\/v2\/users\/8"}],"replies":[{"embeddable":true,"href":"https:\/\/www.colef.mx\/levif\/wp-json\/wp\/v2\/comments?post=681"}],"version-history":[{"count":1,"href":"https:\/\/www.colef.mx\/levif\/wp-json\/wp\/v2\/pages\/681\/revisions"}],"predecessor-version":[{"id":682,"href":"https:\/\/www.colef.mx\/levif\/wp-json\/wp\/v2\/pages\/681\/revisions\/682"}],"wp:attachment":[{"href":"https:\/\/www.colef.mx\/levif\/wp-json\/wp\/v2\/media?parent=681"}],"curies":[{"name":"wp","href":"https:\/\/api.w.org\/{rel}","templated":true}]}}