{"id":679,"date":"2022-03-22T09:24:44","date_gmt":"2022-03-22T15:24:44","guid":{"rendered":"https:\/\/www.colef.mx\/levif\/?page_id=679"},"modified":"2022-04-19T13:03:10","modified_gmt":"2022-04-19T18:03:10","slug":"quienes-somos","status":"publish","type":"page","link":"https:\/\/www.colef.mx\/levif\/quienes-somos\/","title":{"rendered":"\u00bfQui\u00e9nes Somos?"},"content":{"rendered":"\n<h2 class=\"wp-block-heading\"><strong>El LEVIF<\/strong><\/h2>\n\n\n\n<figure class=\"wp-block-image size-large\"><img loading=\"lazy\" decoding=\"async\" width=\"1024\" height=\"384\" src=\"https:\/\/www.colef.mx\/levif\/wp-content\/uploads\/2022\/03\/Portada-Levif-1024x384.png\" alt=\"\" class=\"wp-image-743\" srcset=\"https:\/\/www.colef.mx\/levif\/wp-content\/uploads\/2022\/03\/Portada-Levif-1024x384.png 1024w, https:\/\/www.colef.mx\/levif\/wp-content\/uploads\/2022\/03\/Portada-Levif-300x113.png 300w, https:\/\/www.colef.mx\/levif\/wp-content\/uploads\/2022\/03\/Portada-Levif-768x288.png 768w, https:\/\/www.colef.mx\/levif\/wp-content\/uploads\/2022\/03\/Portada-Levif-1536x576.png 1536w, https:\/\/www.colef.mx\/levif\/wp-content\/uploads\/2022\/03\/Portada-Levif-2048x768.png 2048w\" sizes=\"auto, (max-width: 1024px) 100vw, 1024px\" \/><\/figure>\n\n\n\n<p>El Laboratorio de Estudios sobre Violencia y Paz en la Frontera Norte (LEVIF), es un proyecto acad\u00e9mico y humanista de El Colegio de la Frontera Norte (EL COLEF), que formalmente inici\u00f3 el 1\u00ba. De marzo del a\u00f1o 2018. F\u00edsicamente est\u00e1 situado en la sede de EL COLEF en la ciudad de Matamoros, Tamaulipas. Est\u00e1 integrado por un Coordinador, un Consejo Interno (formado por acad\u00e9micos de EL COLEF) y un Consejo Externo (formado por acad\u00e9micos de Centros P\u00fablicos de Investigaci\u00f3n en M\u00e9xico y universidades en el extranjero), as\u00ed como por dos asistentes de investigaci\u00f3n<\/p>\n","protected":false},"excerpt":{"rendered":"<p>El LEVIF El Laboratorio de Estudios sobre Violencia y Paz en la Frontera Norte (LEVIF), es un proyecto acad\u00e9mico y humanista de El Colegio de la Frontera Norte (EL COLEF), que formalmente inici\u00f3 el 1\u00ba. De marzo del a\u00f1o 2018. F\u00edsicamente est\u00e1 situado en la sede de EL COLEF en la ciudad de Matamoros, Tamaulipas. [&hellip;]<\/p>\n","protected":false},"author":8,"featured_media":0,"parent":0,"menu_order":0,"comment_status":"closed","ping_status":"closed","template":"","meta":{"cybocfi_hide_featured_image":"","footnotes":""},"class_list":["post-679","page","type-page","status-publish","hentry"],"_links":{"self":[{"href":"https:\/\/www.colef.mx\/levif\/wp-json\/wp\/v2\/pages\/679","targetHints":{"allow":["GET"]}}],"collection":[{"href":"https:\/\/www.colef.mx\/levif\/wp-json\/wp\/v2\/pages"}],"about":[{"href":"https:\/\/www.colef.mx\/levif\/wp-json\/wp\/v2\/types\/page"}],"author":[{"embeddable":true,"href":"https:\/\/www.colef.mx\/levif\/wp-json\/wp\/v2\/users\/8"}],"replies":[{"embeddable":true,"href":"https:\/\/www.colef.mx\/levif\/wp-json\/wp\/v2\/comments?post=679"}],"version-history":[{"count":3,"href":"https:\/\/www.colef.mx\/levif\/wp-json\/wp\/v2\/pages\/679\/revisions"}],"predecessor-version":[{"id":809,"href":"https:\/\/www.colef.mx\/levif\/wp-json\/wp\/v2\/pages\/679\/revisions\/809"}],"wp:attachment":[{"href":"https:\/\/www.colef.mx\/levif\/wp-json\/wp\/v2\/media?parent=679"}],"curies":[{"name":"wp","href":"https:\/\/api.w.org\/{rel}","templated":true}]}}