{"id":4,"date":"2018-06-25T13:25:22","date_gmt":"2018-06-25T19:25:22","guid":{"rendered":"https:\/\/www.colef.mx\/levif\/?page_id=4"},"modified":"2022-03-15T15:36:51","modified_gmt":"2022-03-15T21:36:51","slug":"informacion","status":"publish","type":"page","link":"https:\/\/www.colef.mx\/levif\/informacion\/","title":{"rendered":"Informaci\u00f3n"},"content":{"rendered":"<h2>\u00bfQu\u00e9 es el LEVIF?<\/h2>\n<p>El Laboratorio de Estudios sobre Violencia en la Frontera Norte (LEVIF), es un proyecto acad\u00e9mico y humanista de El Colegio de la Frontera Norte (EL COLEF), que formalmente inici\u00f3 el 1\u00ba. De marzo del a\u00f1o 2018. F\u00edsicamente est\u00e1 situado en la sede de EL COLEF en la ciudad de Matamoros, Tamaulipas. Est\u00e1 integrado por un Coordinador, un Consejo Interno (formado por acad\u00e9micos de EL COLEF) y un Consejo Externo (formado por acad\u00e9micos de Centros P\u00fablicos de Investigaci\u00f3n en M\u00e9xico y universidades en el extranjero), as\u00ed como por dos asistentes de investigaci\u00f3n<\/p>\n<h2>Nuestro objetivo<\/h2>\n<p>El LEVIF tiene como objetivo central el estudio de la violencia que se vive en la frontera norte de M\u00e9xico, espec\u00edficamente la violencia criminal que se hace visible a trav\u00e9s de homicidios dolosos, feminicidios, juvenicidios y da\u00f1os a la propiedad privada. Nuestras actividades concretas se basan en:<\/p>\n<p>1. La creaci\u00f3n de un banco de datos<\/p>\n<p>2. La experimentaci\u00f3n focalizada<\/p>\n<p>3. El desarrollo de policy analysis<\/p>\n<p>4. El an\u00e1lisis y difusi\u00f3n de informaci\u00f3n<\/p>\n<p>Considerando lo anterior, el LEVIF es un proyecto que tiene como objetivo paralelo hacer propuestas en materia de seguridad fronteriza, dados los impactos de la violencia en la vida social y cultural de la frontera y la necesidad de transformarla. En virtud de ello, generamos y difundimos reportes trimestrales de la violencia en la frontera, as\u00ed como policy memos.<\/p>\n","protected":false},"excerpt":{"rendered":"<p>\u00bfQu\u00e9 es el LEVIF? El Laboratorio de Estudios sobre Violencia en la Frontera Norte (LEVIF), es un proyecto acad\u00e9mico y humanista de El Colegio de la Frontera Norte (EL COLEF), que formalmente inici\u00f3 el 1\u00ba. De marzo del a\u00f1o 2018. F\u00edsicamente est\u00e1 situado en la sede de EL COLEF en la ciudad de Matamoros, Tamaulipas. [&hellip;]<\/p>\n","protected":false},"author":5,"featured_media":0,"parent":0,"menu_order":1,"comment_status":"closed","ping_status":"closed","template":"","meta":{"cybocfi_hide_featured_image":"","footnotes":""},"class_list":["post-4","page","type-page","status-publish","hentry"],"_links":{"self":[{"href":"https:\/\/www.colef.mx\/levif\/wp-json\/wp\/v2\/pages\/4","targetHints":{"allow":["GET"]}}],"collection":[{"href":"https:\/\/www.colef.mx\/levif\/wp-json\/wp\/v2\/pages"}],"about":[{"href":"https:\/\/www.colef.mx\/levif\/wp-json\/wp\/v2\/types\/page"}],"author":[{"embeddable":true,"href":"https:\/\/www.colef.mx\/levif\/wp-json\/wp\/v2\/users\/5"}],"replies":[{"embeddable":true,"href":"https:\/\/www.colef.mx\/levif\/wp-json\/wp\/v2\/comments?post=4"}],"version-history":[{"count":8,"href":"https:\/\/www.colef.mx\/levif\/wp-json\/wp\/v2\/pages\/4\/revisions"}],"predecessor-version":[{"id":661,"href":"https:\/\/www.colef.mx\/levif\/wp-json\/wp\/v2\/pages\/4\/revisions\/661"}],"wp:attachment":[{"href":"https:\/\/www.colef.mx\/levif\/wp-json\/wp\/v2\/media?parent=4"}],"curies":[{"name":"wp","href":"https:\/\/api.w.org\/{rel}","templated":true}]}}