{"id":1657,"date":"2024-02-26T14:24:24","date_gmt":"2024-02-26T19:24:24","guid":{"rendered":"https:\/\/www.colef.mx\/levif\/?page_id=1657"},"modified":"2024-03-21T11:50:48","modified_gmt":"2024-03-21T16:50:48","slug":"subsecretario-para-america-del-norte-geronimo-gutierrez-entrega-donativo-al-ceprodhac","status":"publish","type":"page","link":"https:\/\/www.colef.mx\/levif\/subsecretario-para-america-del-norte-geronimo-gutierrez-entrega-donativo-al-ceprodhac\/","title":{"rendered":"Subsecretario para Am\u00e9rica del Norte Ger\u00f3nimo Guti\u00e9rrez entrega donativo al CEPRODHAC"},"content":{"rendered":"\n<figure class=\"wp-block-gallery columns-3 is-cropped wp-block-gallery-1 is-layout-flex wp-block-gallery-is-layout-flex\"><ul class=\"blocks-gallery-grid\"><li class=\"blocks-gallery-item\"><figure><img loading=\"lazy\" decoding=\"async\" width=\"300\" height=\"197\" src=\"https:\/\/www.colef.mx\/levif\/wp-content\/uploads\/2024\/02\/228092018-1-300x197.jpg?v=1708976168\" alt=\"\" data-id=\"1659\" data-full-url=\"https:\/\/www.colef.mx\/levif\/wp-content\/uploads\/2024\/02\/228092018-1-scaled.jpg\" data-link=\"https:\/\/www.colef.mx\/levif\/?attachment_id=1659\" class=\"wp-image-1659\" srcset=\"https:\/\/www.colef.mx\/levif\/wp-content\/uploads\/2024\/02\/228092018-1-300x197.jpg?v=1708976168 300w, https:\/\/www.colef.mx\/levif\/wp-content\/uploads\/2024\/02\/228092018-1-1024x671.jpg?v=1708976168 1024w, https:\/\/www.colef.mx\/levif\/wp-content\/uploads\/2024\/02\/228092018-1-768x503.jpg?v=1708976168 768w, https:\/\/www.colef.mx\/levif\/wp-content\/uploads\/2024\/02\/228092018-1-1536x1007.jpg?v=1708976168 1536w, https:\/\/www.colef.mx\/levif\/wp-content\/uploads\/2024\/02\/228092018-1-2048x1342.jpg?v=1708976168 2048w\" sizes=\"auto, (max-width: 300px) 100vw, 300px\" \/><\/figure><\/li><li class=\"blocks-gallery-item\"><figure><img loading=\"lazy\" decoding=\"async\" width=\"300\" height=\"202\" src=\"https:\/\/www.colef.mx\/levif\/wp-content\/uploads\/2024\/02\/328092018-1-300x202.jpg?v=1708976167\" alt=\"\" data-id=\"1660\" data-full-url=\"https:\/\/www.colef.mx\/levif\/wp-content\/uploads\/2024\/02\/328092018-1-scaled.jpg\" data-link=\"https:\/\/www.colef.mx\/levif\/?attachment_id=1660\" class=\"wp-image-1660\" srcset=\"https:\/\/www.colef.mx\/levif\/wp-content\/uploads\/2024\/02\/328092018-1-300x202.jpg?v=1708976167 300w, https:\/\/www.colef.mx\/levif\/wp-content\/uploads\/2024\/02\/328092018-1-1024x688.jpg?v=1708976167 1024w, https:\/\/www.colef.mx\/levif\/wp-content\/uploads\/2024\/02\/328092018-1-768x516.jpg?v=1708976167 768w, https:\/\/www.colef.mx\/levif\/wp-content\/uploads\/2024\/02\/328092018-1-1536x1032.jpg?v=1708976167 1536w, https:\/\/www.colef.mx\/levif\/wp-content\/uploads\/2024\/02\/328092018-1-2048x1376.jpg?v=1708976167 2048w\" sizes=\"auto, (max-width: 300px) 100vw, 300px\" \/><\/figure><\/li><li class=\"blocks-gallery-item\"><figure><img loading=\"lazy\" decoding=\"async\" width=\"300\" height=\"197\" src=\"https:\/\/www.colef.mx\/levif\/wp-content\/uploads\/2024\/02\/428092018-1-300x197.jpg?v=1708976166\" alt=\"\" data-id=\"1661\" data-full-url=\"https:\/\/www.colef.mx\/levif\/wp-content\/uploads\/2024\/02\/428092018-1-scaled.jpg\" data-link=\"https:\/\/www.colef.mx\/levif\/?attachment_id=1661\" class=\"wp-image-1661\" srcset=\"https:\/\/www.colef.mx\/levif\/wp-content\/uploads\/2024\/02\/428092018-1-300x197.jpg?v=1708976166 300w, https:\/\/www.colef.mx\/levif\/wp-content\/uploads\/2024\/02\/428092018-1-1024x673.jpg?v=1708976166 1024w, https:\/\/www.colef.mx\/levif\/wp-content\/uploads\/2024\/02\/428092018-1-768x505.jpg?v=1708976166 768w, https:\/\/www.colef.mx\/levif\/wp-content\/uploads\/2024\/02\/428092018-1-1536x1009.jpg?v=1708976166 1536w, https:\/\/www.colef.mx\/levif\/wp-content\/uploads\/2024\/02\/428092018-1-2048x1346.jpg?v=1708976166 2048w\" sizes=\"auto, (max-width: 300px) 100vw, 300px\" \/><\/figure><\/li><li class=\"blocks-gallery-item\"><figure><img loading=\"lazy\" decoding=\"async\" width=\"300\" height=\"198\" src=\"https:\/\/www.colef.mx\/levif\/wp-content\/uploads\/2024\/02\/528092018-1-300x198.jpg?v=1708976159\" alt=\"\" data-id=\"1662\" data-full-url=\"https:\/\/www.colef.mx\/levif\/wp-content\/uploads\/2024\/02\/528092018-1-scaled.jpg\" data-link=\"https:\/\/www.colef.mx\/levif\/?attachment_id=1662\" class=\"wp-image-1662\" srcset=\"https:\/\/www.colef.mx\/levif\/wp-content\/uploads\/2024\/02\/528092018-1-300x198.jpg?v=1708976159 300w, https:\/\/www.colef.mx\/levif\/wp-content\/uploads\/2024\/02\/528092018-1-1024x676.jpg?v=1708976159 1024w, https:\/\/www.colef.mx\/levif\/wp-content\/uploads\/2024\/02\/528092018-1-768x507.jpg?v=1708976159 768w, https:\/\/www.colef.mx\/levif\/wp-content\/uploads\/2024\/02\/528092018-1-1536x1014.jpg?v=1708976159 1536w, https:\/\/www.colef.mx\/levif\/wp-content\/uploads\/2024\/02\/528092018-1-2048x1352.jpg?v=1708976159 2048w\" sizes=\"auto, (max-width: 300px) 100vw, 300px\" \/><\/figure><\/li><li class=\"blocks-gallery-item\"><figure><img loading=\"lazy\" decoding=\"async\" width=\"300\" height=\"196\" src=\"https:\/\/www.colef.mx\/levif\/wp-content\/uploads\/2024\/02\/628092018-300x196.jpg?v=1708976160\" alt=\"\" data-id=\"1663\" data-full-url=\"https:\/\/www.colef.mx\/levif\/wp-content\/uploads\/2024\/02\/628092018-scaled.jpg\" data-link=\"https:\/\/www.colef.mx\/levif\/?attachment_id=1663\" class=\"wp-image-1663\" srcset=\"https:\/\/www.colef.mx\/levif\/wp-content\/uploads\/2024\/02\/628092018-300x196.jpg?v=1708976160 300w, https:\/\/www.colef.mx\/levif\/wp-content\/uploads\/2024\/02\/628092018-1024x668.jpg?v=1708976160 1024w, https:\/\/www.colef.mx\/levif\/wp-content\/uploads\/2024\/02\/628092018-768x501.jpg?v=1708976160 768w, https:\/\/www.colef.mx\/levif\/wp-content\/uploads\/2024\/02\/628092018-1536x1001.jpg?v=1708976160 1536w, https:\/\/www.colef.mx\/levif\/wp-content\/uploads\/2024\/02\/628092018-2048x1335.jpg?v=1708976160 2048w\" sizes=\"auto, (max-width: 300px) 100vw, 300px\" \/><\/figure><\/li><li class=\"blocks-gallery-item\"><figure><img loading=\"lazy\" decoding=\"async\" width=\"300\" height=\"194\" src=\"https:\/\/www.colef.mx\/levif\/wp-content\/uploads\/2024\/02\/928092018-300x194.jpg?v=1708976161\" alt=\"\" data-id=\"1664\" data-full-url=\"https:\/\/www.colef.mx\/levif\/wp-content\/uploads\/2024\/02\/928092018-scaled.jpg\" data-link=\"https:\/\/www.colef.mx\/levif\/?attachment_id=1664\" class=\"wp-image-1664\" srcset=\"https:\/\/www.colef.mx\/levif\/wp-content\/uploads\/2024\/02\/928092018-300x194.jpg?v=1708976161 300w, https:\/\/www.colef.mx\/levif\/wp-content\/uploads\/2024\/02\/928092018-1024x661.jpg?v=1708976161 1024w, https:\/\/www.colef.mx\/levif\/wp-content\/uploads\/2024\/02\/928092018-768x496.jpg?v=1708976161 768w, https:\/\/www.colef.mx\/levif\/wp-content\/uploads\/2024\/02\/928092018-1536x992.jpg?v=1708976161 1536w, https:\/\/www.colef.mx\/levif\/wp-content\/uploads\/2024\/02\/928092018-2048x1322.jpg?v=1708976161 2048w\" sizes=\"auto, (max-width: 300px) 100vw, 300px\" \/><\/figure><\/li><\/ul><\/figure>\n\n\n\n<div class=\"wp-block-media-text alignwide is-stacked-on-mobile is-image-fill has-white-color has-black-background-color has-text-color has-background\" style=\"grid-template-columns:46% auto\"><figure class=\"wp-block-media-text__media\" style=\"background-image:url(https:\/\/www.colef.mx\/levif\/wp-content\/uploads\/2021\/06\/Imagen1-1.jpg);background-position:50% 50%\"><img loading=\"lazy\" decoding=\"async\" width=\"624\" height=\"441\" src=\"https:\/\/www.colef.mx\/levif\/wp-content\/uploads\/2021\/06\/Imagen1-1.jpg\" alt=\"\" class=\"wp-image-452 size-full\" srcset=\"https:\/\/www.colef.mx\/levif\/wp-content\/uploads\/2021\/06\/Imagen1-1.jpg 624w, https:\/\/www.colef.mx\/levif\/wp-content\/uploads\/2021\/06\/Imagen1-1-300x212.jpg 300w\" sizes=\"auto, (max-width: 624px) 100vw, 624px\" \/><\/figure><div class=\"wp-block-media-text__content\">\n<p style=\"font-size:14px\">Puedes consultar en su totalidad la carpeta &#8220;Subsecretario para Am\u00e9rica del Norte Ger\u00f3nimo Guti\u00e9rrez entrega donativo al CEPRODHAC&#8221; con fines educativos y de investigaci\u00f3n mandando una solicitud de acceso explicando el motivo de uso.<\/p>\n\n\n\n<p class=\"has-white-color has-text-color\">&gt;&gt;<a href=\"https:\/\/drive.google.com\/drive\/folders\/1c3cyIiI1OKJGwRVoimIOaY9IXUBeDWD-?usp=sharing\" data-type=\"URL\" target=\"_blank\" rel=\"noreferrer noopener\"><strong>SOLICITAR ACCESO<\/strong><\/a>&lt;&lt;<\/p>\n<\/div><\/div>\n","protected":false},"excerpt":{"rendered":"<p>Puedes consultar en su totalidad la carpeta &#8220;Subsecretario para Am\u00e9rica del Norte Ger\u00f3nimo Guti\u00e9rrez entrega donativo al CEPRODHAC&#8221; con fines educativos y de investigaci\u00f3n mandando una solicitud de acceso explicando el motivo de uso. &gt;&gt;SOLICITAR ACCESO&lt;&lt;<\/p>\n","protected":false},"author":8,"featured_media":0,"parent":0,"menu_order":0,"comment_status":"closed","ping_status":"closed","template":"","meta":{"cybocfi_hide_featured_image":"","footnotes":""},"class_list":["post-1657","page","type-page","status-publish","hentry"],"_links":{"self":[{"href":"https:\/\/www.colef.mx\/levif\/wp-json\/wp\/v2\/pages\/1657","targetHints":{"allow":["GET"]}}],"collection":[{"href":"https:\/\/www.colef.mx\/levif\/wp-json\/wp\/v2\/pages"}],"about":[{"href":"https:\/\/www.colef.mx\/levif\/wp-json\/wp\/v2\/types\/page"}],"author":[{"embeddable":true,"href":"https:\/\/www.colef.mx\/levif\/wp-json\/wp\/v2\/users\/8"}],"replies":[{"embeddable":true,"href":"https:\/\/www.colef.mx\/levif\/wp-json\/wp\/v2\/comments?post=1657"}],"version-history":[{"count":5,"href":"https:\/\/www.colef.mx\/levif\/wp-json\/wp\/v2\/pages\/1657\/revisions"}],"predecessor-version":[{"id":2078,"href":"https:\/\/www.colef.mx\/levif\/wp-json\/wp\/v2\/pages\/1657\/revisions\/2078"}],"wp:attachment":[{"href":"https:\/\/www.colef.mx\/levif\/wp-json\/wp\/v2\/media?parent=1657"}],"curies":[{"name":"wp","href":"https:\/\/api.w.org\/{rel}","templated":true}]}}