{"id":67,"date":"2012-02-14T17:27:36","date_gmt":"2012-02-14T17:27:36","guid":{"rendered":"http:\/\/www.colef.net\/eder\/?page_id=67"},"modified":"2012-02-15T00:17:36","modified_gmt":"2012-02-15T00:17:36","slug":"investigadores-2","status":"publish","type":"page","link":"https:\/\/www.colef.mx\/eder\/?page_id=67","title":{"rendered":"Investigadores"},"content":{"rendered":"<table style=\"width:600px; border:none\" border=\"0\">\n<tr>\n<td style=\"width:200px; text-align:left\">\n<div style=\"text-align:left; height:90px; border-bottom:1px solid #04244b; margin-bottom:30px; padding-bottom:30px; width:180px;\">\n<strong>Marie-Laure Coub\u00e8s<\/strong><br \/>\n<em>COLEF<\/em><br \/>\n<a href=\"mailto:mcoubes@colef.mx\">mcoubes@colef.mx<\/a>\n<\/div>\n<div style=\"text-align:left; height:90px; border-bottom:1px solid #04244b;  margin-bottom:30px; padding-bottom:30px; width:180px;\">\n<strong>Ren\u00e9 Zenteno<\/strong><br \/>\n<em>COLEF<\/em><br \/>\n<a href=\"mailto:rzenteno@colef.mx\">rzenteno@colef.mx<\/a>\n<\/div>\n<div style=\"text-align:left; height:90px; border-bottom:1px solid #04244b;  margin-bottom:30px; padding-bottom:30px; width:180px;\">\n<strong>Elmyra Yba\u00f1ez<\/strong><br \/>\n<em>COLEF<\/em><br \/>\n<a href=\"mailto:elmyra@colef.mx\">elmyra@colef.mx<\/a>\n<\/div>\n<div style=\"text-align:left; height:90px;   margin-bottom:30px; padding-bottom:30px; width:180px;\">\n<strong>Gabriel Estrella<\/strong><br \/>\n<em>UABC<\/em><br \/>\n<a href=\"mailto:gestrell@uabc.edu.mx\">gestrell@uabc.edu.mx<\/a>\n<\/div>\n<\/td>\n<td style=\"width:200px;\">\n<div style=\"text-align:left; height:90px;   border-bottom:1px solid #04244b;  margin-bottom:30px; padding-bottom:30px; width:180px;\">\n<strong>Mar&iacute;a Eugenia Zavala  y Castelo<\/strong><br \/>\n<em>COLMEX<\/em><br \/>\n<a href=\"mailto:mzavala@colmex.mx\">mzavala@colmex.mx<\/a>\n<\/div>\n<div style=\"text-align:left; height:90px;  margin-bottom:30px;  border-bottom:1px solid #04244b;  padding-bottom:30px; width:180px;\">\n<strong>Patricio Solis<\/strong><br \/>\n<em>COLMEX<\/em><br \/>\n<a href=\"mailto:psolis@colmex.mx\">psolis@colmex.mx<\/a>\n<\/div>\n<div style=\"text-align:left; height:90px;  margin-bottom:30px;  border-bottom:1px solid #04244b;  padding-bottom:30px; width:180px;\">\n<strong>German V\u00e1zquez Sandrin<\/strong><br \/>\n<em>UAEH<\/em><br \/>\n<a href=\"mailto:german_03020@yahoo.com\">german_03020@yahoo.com<\/a>\n<\/div>\n<div style=\"text-align:left; height:90px; margin-bottom:30px;   padding-bottom:30px; width:180px;\">\n<strong>Carole Brugeilles<\/strong><br \/>\n<em>Universidad Paris Ouest Nanterre La Defense<\/em><br \/>\n<a href=\"mailto:cbrugeil@u-paris10.fr\">cbrugeil@u-paris10.fr<\/a>\n<\/div>\n<\/td>\n<td style=\"width:200px;\">\n<div style=\"text-align:left; height:90px; margin-bottom:30px; border-bottom:1px solid #04244b; padding-bottom:30px;\">\n<strong>Pascal Sebille<\/strong><br \/>\n<em>Universidad Paris Ouest Nanterre La Defense<\/em><br \/>\n<a href=\"mailto:pascal.sebille@u-paris10.fr\">pascal.sebille@u-paris10.fr<\/a>\n<\/div>\n<div style=\"text-align:left; height:90px;  margin-bottom:30px; padding-bottom:30px; width:180px;\">\n<strong>Julie Baillet- doctorante<\/strong><br \/>\n<em>COLEF- Universidad Paris Ouest  Nanterre La Defense<\/em><br \/>\n<a href=\"mailto:juliebaillet@gmail.com\">juliebaillet@gmail.com<\/a>\n<\/div>\n<\/td>\n<\/tr>\n<\/table>\n","protected":false},"excerpt":{"rendered":"<p>Marie-Laure Coub\u00e8s COLEF mcoubes@colef.mx Ren\u00e9 Zenteno COLEF rzenteno@colef.mx Elmyra Yba\u00f1ez COLEF elmyra@colef.mx Gabriel Estrella UABC gestrell@uabc.edu.mx Mar&iacute;a Eugenia Zavala y Castelo COLMEX mzavala@colmex.mx Patricio Solis COLMEX psolis@colmex.mx German V\u00e1zquez Sandrin UAEH german_03020@yahoo.com Carole Brugeilles Universidad Paris Ouest Nanterre La Defense cbrugeil@u-paris10.fr Pascal Sebille Universidad Paris Ouest Nanterre La Defense pascal.sebille@u-paris10.fr Julie Baillet- doctorante COLEF- Universidad [&hellip;]<\/p>\n","protected":false},"author":1,"featured_media":0,"parent":0,"menu_order":0,"comment_status":"open","ping_status":"open","template":"","meta":{"footnotes":""},"class_list":["post-67","page","type-page","status-publish","hentry"],"_links":{"self":[{"href":"https:\/\/www.colef.mx\/eder\/index.php?rest_route=\/wp\/v2\/pages\/67"}],"collection":[{"href":"https:\/\/www.colef.mx\/eder\/index.php?rest_route=\/wp\/v2\/pages"}],"about":[{"href":"https:\/\/www.colef.mx\/eder\/index.php?rest_route=\/wp\/v2\/types\/page"}],"author":[{"embeddable":true,"href":"https:\/\/www.colef.mx\/eder\/index.php?rest_route=\/wp\/v2\/users\/1"}],"replies":[{"embeddable":true,"href":"https:\/\/www.colef.mx\/eder\/index.php?rest_route=%2Fwp%2Fv2%2Fcomments&post=67"}],"version-history":[{"count":13,"href":"https:\/\/www.colef.mx\/eder\/index.php?rest_route=\/wp\/v2\/pages\/67\/revisions"}],"predecessor-version":[{"id":132,"href":"https:\/\/www.colef.mx\/eder\/index.php?rest_route=\/wp\/v2\/pages\/67\/revisions\/132"}],"wp:attachment":[{"href":"https:\/\/www.colef.mx\/eder\/index.php?rest_route=%2Fwp%2Fv2%2Fmedia&parent=67"}],"curies":[{"name":"wp","href":"https:\/\/api.w.org\/{rel}","templated":true}]}}