{"id":968,"date":"2016-01-14T12:19:01","date_gmt":"2016-01-14T20:19:01","guid":{"rendered":"http:\/\/www.colef.mx\/deap\/?page_id=968"},"modified":"2020-01-30T12:03:01","modified_gmt":"2020-01-30T20:03:01","slug":"juana-isabel-vera-lopez","status":"publish","type":"page","link":"https:\/\/www.colef.mx\/deap\/?page_id=968","title":{"rendered":"Juana Isabel Vera L\u00f3pez"},"content":{"rendered":"<h3><strong><span style=\"color: #800000;\">Profesora &#8211; Investigadora del Departamento de Estudios de Administraci\u00f3n P\u00fablica.<\/span><\/strong><\/h3>\n<h3><strong><span style=\"color: #800000;\">Sede Mexicali, Baja California.<\/span><\/strong><\/h3>\n<p><a href=\"mailto:jvera@colef.mx\" target=\"_blank\" rel=\"noopener\"><strong>jvera@colef.mx<\/strong><\/a><\/p>\n<p><span style=\"color: #333333;\">Es Doctora en Ciencia Pol\u00edtica y Administraci\u00f3n P\u00fablica (2004-2006), por El Colegio de Veracruz, Maestra en Desarrollo Regional (2002-2004), por El Colegio de Veracruz y Licenciada en Econom\u00eda (1994-1999), por la Universidad Veracruzana.<\/span><\/p>\n<p><span style=\"color: #333333;\">Es Investigadora Titular \u201cA\u201d, adscrita al Departamento de Estudios de Administraci\u00f3n Publica (DEA), de El Colef.<\/span><\/p>\n<p><span style=\"color: #333333;\"><strong>Sus l\u00edneas de investigaci\u00f3n son: 1) Sistemas de pensiones; 2) Capacidades para el Desarrollo; 3) Pol\u00edticas de Suelo Urbano y Vivienda.<\/strong><\/span><\/p>\n<p><span style=\"color: #333333;\">Entre sus principales distinciones se encuentra el ser miembro individual de la Latin American Studies Association (LASA) 2014-2018, as\u00ed como Vicepresidenta del Comit\u00e9 Ejecutivo 2016-2020 de la Asociaci\u00f3n Mexicana de Ciencias para el Desarrollo Regional, A.C. (AMECIDER) y socia activa de la Asociaci\u00f3n Mexicana de Ciencias para el Desarrollo Regional, A.C. (AMECIDER) para los a\u00f1os 2012-2020.<\/span><\/p>\n<p><span style=\"color: #333333;\">Participa en la Red Tem\u00e1tica Sistemas Territoriales y Agencia: Conocimiento y Capacidades para el Desarrollo (RSTA), como Coordinadora Interna.<\/span><\/p>\n<p><span style=\"color: #333333;\">Es miembro de la Red de Investigaci\u00f3n de Mujeres en la Pol\u00edtica, a partir de 2020.<\/span><\/p>\n<p><span style=\"color: #333333;\">Actualmente participa como colaboradora en el proyecto del Consorcio para el Desarrollo del Sector y las Regiones Vitivin\u00edcolas (CONVID).<\/span><\/p>\n<p><span style=\"color: #333333;\">Colabor\u00f3 como Directora en el proyecto \u201cHacia una cultura previsional en Am\u00e9rica Latina: resultados y perspectivas de los sistemas de pensiones\u201d, siendo Beneficiaria de una Ayuda a la Investigaci\u00f3n Ignacio Hernando de Larramendi 2014, de la Fundaci\u00f3n MAPFRE. Dicho proyecto tuvo una vigencia del 19 de febrero de 2015 al 19 de enero de 2016.<\/span><\/p>\n<p><span style=\"color: #333333;\">Algunas de sus publicaciones son:<\/span><\/p>\n<ol>\n<li><span style=\"color: #333333;\">Vera L\u00f3pez, Juana Isabel. (2013). Sistemas de pensiones en Am\u00e9rica Latina y M\u00e9xico. EE.UU., Palibrio.<\/span><\/li>\n<li><span style=\"color: #333333;\">Vera L\u00f3pez, Juana Isabel. (2016). Situaci\u00f3n actual de los derechos humanos en la normativa del adulto mayor en Am\u00e9rica Latina y M\u00e9xico. N\u00f3madas. Revista Cr\u00edtica de Ciencias Sociales y Jur\u00eddicas. Volumen 47, N\u00famero 1, pp. 271- 291.<\/span><\/li>\n<li><span style=\"color: #333333;\">Vera L\u00f3pez, Juana Isabel. (2017). Estudio sobre jerarqu\u00edas y redes en la pol\u00edtica de salud del adulto mayor en M\u00e9xico. Revista Poblaci\u00f3n y Salud en Mesoam\u00e9rica. Volumen 14, N\u00famero 2, pp. 1-15.<\/span><\/li>\n<li><span style=\"color: #333333;\">Vera L\u00f3pez, Juana Isabel. (2018). Una evaluaci\u00f3n de los programas de educaci\u00f3n en seguridad social en Am\u00e9rica Latina. Revista Frontera Norte. Volumen 30, N\u00famero 60. Julio-diciembre de 2018, pp. 1- 28.<\/span><\/li>\n<\/ol>\n<p style=\"text-align: right;\"><strong><a href=\"https:\/\/www.colef.mx\/deap\/wp-content\/uploads\/2016\/01\/CV-IsabelVL-Plataformajunio2016.pdf\" target=\"_blank\" rel=\"noopener\">CV Completo<\/a><\/strong><\/p>\n<p style=\"text-align: right;\"><strong><a title=\"Junta de Profesores\" href=\"http:\/\/www.colef.mx\/deap\/?page_id=26\">Regresar al directorio JP<\/a><a title=\"Junta de Profesores\" href=\"http:\/\/www.colef.mx\/deap\/?page_id=26\">DEAP<\/a><\/strong><\/p>\n","protected":false},"excerpt":{"rendered":"<p>Profesora &#8211; Investigadora del Departamento de Estudios de Administraci\u00f3n P\u00fablica. Sede Mexicali, Baja California. jvera@colef.mx Es Doctora en Ciencia Pol\u00edtica y Administraci\u00f3n P\u00fablica (2004-2006), por El Colegio de Veracruz, Maestra en Desarrollo Regional (2002-2004), por El Colegio de Veracruz y Licenciada en Econom\u00eda (1994-1999), por la Universidad Veracruzana. Es Investigadora Titular \u201cA\u201d, adscrita al Departamento [&hellip;]<\/p>\n","protected":false},"author":1,"featured_media":0,"parent":0,"menu_order":0,"comment_status":"closed","ping_status":"open","template":"","meta":{"footnotes":""},"class_list":["post-968","page","type-page","status-publish","hentry"],"_links":{"self":[{"href":"https:\/\/www.colef.mx\/deap\/index.php?rest_route=\/wp\/v2\/pages\/968","targetHints":{"allow":["GET"]}}],"collection":[{"href":"https:\/\/www.colef.mx\/deap\/index.php?rest_route=\/wp\/v2\/pages"}],"about":[{"href":"https:\/\/www.colef.mx\/deap\/index.php?rest_route=\/wp\/v2\/types\/page"}],"author":[{"embeddable":true,"href":"https:\/\/www.colef.mx\/deap\/index.php?rest_route=\/wp\/v2\/users\/1"}],"replies":[{"embeddable":true,"href":"https:\/\/www.colef.mx\/deap\/index.php?rest_route=%2Fwp%2Fv2%2Fcomments&post=968"}],"version-history":[{"count":15,"href":"https:\/\/www.colef.mx\/deap\/index.php?rest_route=\/wp\/v2\/pages\/968\/revisions"}],"predecessor-version":[{"id":1400,"href":"https:\/\/www.colef.mx\/deap\/index.php?rest_route=\/wp\/v2\/pages\/968\/revisions\/1400"}],"wp:attachment":[{"href":"https:\/\/www.colef.mx\/deap\/index.php?rest_route=%2Fwp%2Fv2%2Fmedia&parent=968"}],"curies":[{"name":"wp","href":"https:\/\/api.w.org\/{rel}","templated":true}]}}