{"id":90,"date":"2013-09-12T18:15:25","date_gmt":"2013-09-12T18:15:25","guid":{"rendered":"http:\/\/www.colef.mx\/deap\/?page_id=90"},"modified":"2024-06-17T12:46:29","modified_gmt":"2024-06-17T19:46:29","slug":"personal-de-apoyo","status":"publish","type":"page","link":"https:\/\/www.colef.mx\/deap\/?page_id=90","title":{"rendered":"Personal de apoyo"},"content":{"rendered":"<h4><span style=\"color: #800000;\">Relaci\u00f3n del personal de apoyo acad\u00e9mico, administrativo y log\u00edstico del DEAP.<\/span><\/h4>\n<p>&nbsp;<\/p>\n<h2><span style=\"color: #800000;\">Asistente de la Direcci\u00f3n<\/span><\/h2>\n<table style=\"height: 76px;\" border=\"0\" width=\"714\" cellspacing=\"1\" cellpadding=\"1\">\n<tbody>\n<tr>\n<td style=\"text-align: center;\">\n<h2><span data-scaytid=\"2\" data-scayt_word=\"NOMBRE\">NOMBRE<\/span><\/h2>\n<\/td>\n<td>\n<h2 style=\"text-align: center;\"><span data-scaytid=\"3\" data-scayt_word=\"Email\">EMAIL<\/span><\/h2>\n<\/td>\n<td>\n<h2 style=\"text-align: center;\"><span data-scaytid=\"3\" data-scayt_word=\"Extension\">EXTENSI\u00d3N<\/span><\/h2>\n<\/td>\n<\/tr>\n<tr>\n<td>Gonz\u00e1lez Manrique, \u00c9rika Alejandra<\/td>\n<td style=\"text-align: center;\"><a href=\"mailto:deap@colef.mx\">deap@colef.mx<\/a><\/td>\n<td style=\"text-align: center;\">5315<\/td>\n<\/tr>\n<\/tbody>\n<\/table>\n<h1><span style=\"color: #800000;\">T\u00e9cnicos Acad\u00e9micos<\/span><\/h1>\n<table style=\"height: 124px;\" border=\"0\" width=\"717\" cellspacing=\"1\" cellpadding=\"1\">\n<tbody>\n<tr>\n<td style=\"text-align: center;\">\n<h2><span data-scaytid=\"2\" data-scayt_word=\"NOMBRE\">NOMBRE<\/span><\/h2>\n<\/td>\n<td>\n<h2 style=\"text-align: center;\"><span data-scaytid=\"3\" data-scayt_word=\"Email\">EMAIL<\/span><\/h2>\n<\/td>\n<td>\n<h2 style=\"text-align: center;\"><span data-scaytid=\"3\" data-scayt_word=\"Extension\">EXTENSI\u00d3N<\/span><\/h2>\n<\/td>\n<\/tr>\n<tr>\n<td><\/td>\n<td style=\"text-align: center;\"><\/td>\n<td style=\"text-align: center;\"><\/td>\n<\/tr>\n<tr>\n<td>Antonio Mart\u00ednez Murgu\u00eda<\/td>\n<td style=\"text-align: center;\"><a href=\"mailto:consorci@colef.mx\">tecdeap2@colef.mx<\/a><\/td>\n<td style=\"text-align: center;\">5305<\/td>\n<\/tr>\n<tr>\n<td>Cirina Verdugo Ruiz<\/td>\n<td style=\"text-align: center;\"><a href=\"mailto:cirina@colef.mx\">cirina@colef.mx<\/a><\/td>\n<td style=\"text-align: center;\">5320<\/td>\n<\/tr>\n<tr>\n<td>Mart\u00edn Joshua Rivera Arvizu<\/td>\n<td style=\"text-align: center;\"><a href=\"mailto:rivera.arvizu@colef.mx\">rivera.arvizu@colef.mx<\/a><\/td>\n<td style=\"text-align: center;\">5320<\/td>\n<\/tr>\n<\/tbody>\n<\/table>\n<h1><\/h1>\n","protected":false},"excerpt":{"rendered":"<p>Relaci\u00f3n del personal de apoyo acad\u00e9mico, administrativo y log\u00edstico del DEAP. &nbsp; Asistente de la Direcci\u00f3n NOMBRE EMAIL EXTENSI\u00d3N Gonz\u00e1lez Manrique, \u00c9rika Alejandra deap@colef.mx 5315 T\u00e9cnicos Acad\u00e9micos NOMBRE EMAIL EXTENSI\u00d3N Antonio Mart\u00ednez Murgu\u00eda tecdeap2@colef.mx 5305 Cirina Verdugo Ruiz cirina@colef.mx 5320 Mart\u00edn Joshua Rivera Arvizu rivera.arvizu@colef.mx 5320<\/p>\n","protected":false},"author":1,"featured_media":0,"parent":0,"menu_order":0,"comment_status":"closed","ping_status":"open","template":"","meta":{"footnotes":""},"class_list":["post-90","page","type-page","status-publish","hentry"],"_links":{"self":[{"href":"https:\/\/www.colef.mx\/deap\/index.php?rest_route=\/wp\/v2\/pages\/90","targetHints":{"allow":["GET"]}}],"collection":[{"href":"https:\/\/www.colef.mx\/deap\/index.php?rest_route=\/wp\/v2\/pages"}],"about":[{"href":"https:\/\/www.colef.mx\/deap\/index.php?rest_route=\/wp\/v2\/types\/page"}],"author":[{"embeddable":true,"href":"https:\/\/www.colef.mx\/deap\/index.php?rest_route=\/wp\/v2\/users\/1"}],"replies":[{"embeddable":true,"href":"https:\/\/www.colef.mx\/deap\/index.php?rest_route=%2Fwp%2Fv2%2Fcomments&post=90"}],"version-history":[{"count":57,"href":"https:\/\/www.colef.mx\/deap\/index.php?rest_route=\/wp\/v2\/pages\/90\/revisions"}],"predecessor-version":[{"id":1615,"href":"https:\/\/www.colef.mx\/deap\/index.php?rest_route=\/wp\/v2\/pages\/90\/revisions\/1615"}],"wp:attachment":[{"href":"https:\/\/www.colef.mx\/deap\/index.php?rest_route=%2Fwp%2Fv2%2Fmedia&parent=90"}],"curies":[{"name":"wp","href":"https:\/\/api.w.org\/{rel}","templated":true}]}}