{"id":84,"date":"2013-09-12T16:36:55","date_gmt":"2013-09-12T16:36:55","guid":{"rendered":"http:\/\/www.colef.mx\/deap\/?page_id=84"},"modified":"2023-02-22T12:25:57","modified_gmt":"2023-02-22T20:25:57","slug":"publicaciones-recientes","status":"publish","type":"page","link":"https:\/\/www.colef.mx\/deap\/?page_id=84","title":{"rendered":"Publicaciones JPDEAP"},"content":{"rendered":"<h2><span style=\"color: #800000;\">Plataformas con publicaciones destacadas de la junta de profesores<\/span><\/h2>\n<table style=\"height: 200px;\" border=\"1\" width=\"750\">\n<tbody>\n<tr bgcolor=\"#c3d69b\">\n<td style=\"text-align: center;\" width=\"40%\"><strong>INVESTIGADOR<\/strong><\/td>\n<td style=\"text-align: center;\" width=\"46%\"><strong>PLATAFORMAS CON PUBLICACIONES DE INVESTIGACI\u00d3N\u00a0<\/strong><\/td>\n<\/tr>\n<tr>\n<td width=\"40%\">\n<h4>Espinoza Valle V\u00edctor Alejandro<\/h4>\n<\/td>\n<td width=\"10%\">\n<h4><span style=\"color: #800000;\"><a href=\"https:\/\/www.colef.mx\/victoralejandroespinoza\/\" target=\"_blank\" rel=\"noopener\">P\u00e1gina profesional<\/a><\/span><br \/>\n<span style=\"color: #800000;\"> <a href=\"https:\/\/www.researchgate.net\/profile\/Victor-Espinoza-4\" target=\"_blank\" rel=\"noopener\">ResearhGate<\/a><\/span><br \/>\n<span style=\"color: #800000;\"> <a href=\"https:\/\/colef.academia.edu\/VictorEspinoza\" target=\"_blank\" rel=\"noopener\">Academia<\/a><\/span><\/h4>\n<\/td>\n<\/tr>\n<tr>\n<td width=\"40%\">\n<h4>Alberto Harn\u00e1ndez Hern\u00e1ndez<\/h4>\n<\/td>\n<td width=\"46%\">\n<h4>\u00a0<a href=\"https:\/\/www.researchgate.net\/profile\/Alberto-Hernandez-Hernandez\" target=\"_blank\" rel=\"noopener\">ResearhGate<\/a><\/h4>\n<\/td>\n<\/tr>\n<tr>\n<td width=\"40%\">\n<h4>Mar\u00eda Artemisa L\u00f3pez Le\u00f3n<\/h4>\n<\/td>\n<td width=\"46%\">\n<h4>\u00a0<a href=\"https:\/\/www.researchgate.net\/profile\/Artemisa-Lopez-Leon\" target=\"_blank\" rel=\"noopener\">ResearhGate<\/a><\/h4>\n<\/td>\n<\/tr>\n<tr>\n<td width=\"40%\">\n<h4>S\u00e1rah Eva Mart\u00ednez Pell\u00e9grini<\/h4>\n<\/td>\n<td width=\"46%\">\n<h4>\u00a0 <a href=\"https:\/\/www.researchgate.net\/profile\/Sarah-Pellegrini\" target=\"_blank\" rel=\"noopener\">ResearhGate<\/a><\/h4>\n<\/td>\n<\/tr>\n<tr>\n<td width=\"40%\">\n<h4>Alejandro Monsiv\u00e1is Carrillo<\/h4>\n<\/td>\n<td width=\"46%\">\n<h4>\u00a0<a href=\"https:\/\/www.researchgate.net\/profile\/Alejandro-Monsivais-Carrillo\" target=\"_blank\" rel=\"noopener\">ResearhGate<\/a><\/h4>\n<\/td>\n<\/tr>\n<tr>\n<td width=\"40%\">\n<h4>Gerardo Manuel Ord\u00f3\u00f1ez Barba<\/h4>\n<\/td>\n<td width=\"46%\">\n<h4>\u00a0<a href=\"https:\/\/www.researchgate.net\/profile\/Gerardo-Ordonez-Barba\" target=\"_blank\" rel=\"noopener\">ResearhGate<\/a><\/h4>\n<\/td>\n<\/tr>\n<tr>\n<td width=\"40%\">\n<h4>Jos\u00e9 Mar\u00eda Ramos Garc\u00eda<\/h4>\n<\/td>\n<td width=\"46%\">\n<h4>\u00a0<a href=\"https:\/\/www.researchgate.net\/profile\/Jose-Maria-Ramos\" target=\"_blank\" rel=\"noopener\">ResearhGate<\/a><\/h4>\n<\/td>\n<\/tr>\n<tr>\n<td width=\"40%\">\n<h4>Marcos Sergio Reyes Santos<\/h4>\n<\/td>\n<td width=\"46%\">\n<h4>\u00a0<a href=\"https:\/\/www.researchgate.net\/profile\/Marcos-Reyes-6\" target=\"_blank\" rel=\"noopener\">ResearhGate<\/a><\/h4>\n<\/td>\n<\/tr>\n<tr>\n<td width=\"40%\">\n<h4>Vicente S\u00e1nchez Mungu\u00eda<\/h4>\n<\/td>\n<td width=\"46%\">\n<h4>\u00a0<a href=\"https:\/\/www.researchgate.net\/profile\/Vicente-Munguia\" target=\"_blank\" rel=\"noopener\">ResearhGate<\/a><\/h4>\n<\/td>\n<\/tr>\n<tr>\n<td width=\"40%\">\n<h4>Omar David Stabridis Arana<\/h4>\n<\/td>\n<td width=\"46%\">\n<h4>\u00a0<a href=\"https:\/\/www.researchgate.net\/profile\/Omar-Stabridis-3\" target=\"_blank\" rel=\"noopener\">ResearhGate<\/a><\/h4>\n<\/td>\n<\/tr>\n<\/tbody>\n<\/table>\n","protected":false},"excerpt":{"rendered":"<p>Plataformas con publicaciones destacadas de la junta de profesores INVESTIGADOR PLATAFORMAS CON PUBLICACIONES DE INVESTIGACI\u00d3N\u00a0 Espinoza Valle V\u00edctor Alejandro P\u00e1gina profesional ResearhGate Academia Alberto Harn\u00e1ndez Hern\u00e1ndez \u00a0ResearhGate Mar\u00eda Artemisa L\u00f3pez Le\u00f3n \u00a0ResearhGate S\u00e1rah Eva Mart\u00ednez Pell\u00e9grini \u00a0 ResearhGate Alejandro Monsiv\u00e1is Carrillo \u00a0ResearhGate Gerardo Manuel Ord\u00f3\u00f1ez Barba \u00a0ResearhGate Jos\u00e9 Mar\u00eda Ramos Garc\u00eda \u00a0ResearhGate Marcos Sergio Reyes [&hellip;]<\/p>\n","protected":false},"author":1,"featured_media":0,"parent":0,"menu_order":0,"comment_status":"closed","ping_status":"open","template":"","meta":{"footnotes":""},"class_list":["post-84","page","type-page","status-publish","hentry"],"_links":{"self":[{"href":"https:\/\/www.colef.mx\/deap\/index.php?rest_route=\/wp\/v2\/pages\/84","targetHints":{"allow":["GET"]}}],"collection":[{"href":"https:\/\/www.colef.mx\/deap\/index.php?rest_route=\/wp\/v2\/pages"}],"about":[{"href":"https:\/\/www.colef.mx\/deap\/index.php?rest_route=\/wp\/v2\/types\/page"}],"author":[{"embeddable":true,"href":"https:\/\/www.colef.mx\/deap\/index.php?rest_route=\/wp\/v2\/users\/1"}],"replies":[{"embeddable":true,"href":"https:\/\/www.colef.mx\/deap\/index.php?rest_route=%2Fwp%2Fv2%2Fcomments&post=84"}],"version-history":[{"count":102,"href":"https:\/\/www.colef.mx\/deap\/index.php?rest_route=\/wp\/v2\/pages\/84\/revisions"}],"predecessor-version":[{"id":1480,"href":"https:\/\/www.colef.mx\/deap\/index.php?rest_route=\/wp\/v2\/pages\/84\/revisions\/1480"}],"wp:attachment":[{"href":"https:\/\/www.colef.mx\/deap\/index.php?rest_route=%2Fwp%2Fv2%2Fmedia&parent=84"}],"curies":[{"name":"wp","href":"https:\/\/api.w.org\/{rel}","templated":true}]}}