{"id":51,"date":"2013-08-20T16:21:35","date_gmt":"2013-08-20T16:21:35","guid":{"rendered":"http:\/\/www.colef.mx\/deap\/?page_id=51"},"modified":"2026-05-07T16:10:06","modified_gmt":"2026-05-07T23:10:06","slug":"inicio","status":"publish","type":"page","link":"https:\/\/www.colef.mx\/deap\/","title":{"rendered":"Departamento de Estudios de Administraci\u00f3n P\u00fablica"},"content":{"rendered":"<p>El DEAP es un departamento que a partir de sus campos tem\u00e1ticos como son<\/p>\n<p><strong>Pol\u00edticas p\u00fablicas, gobernanza y desarrollo<\/strong><\/p>\n<p>pretende posicionar en los pr\u00f3ximos a\u00f1os una agenda en temas nodales para el desarrollo y la gobernanza , desde una perspectiva sist\u00e9mica e interdisciplinaria con impacto social , econ\u00f3mico y en el \u00e1mbito de la acci\u00f3n publica. El DEAP ha consolidado una trayectoria relevante asociada a estudios seminales de gobiernos locales , de estudios electorales , y de pol\u00edtica publica y desarrollo.<\/p>\n<p><strong>Ejes tem\u00e1ticos de investigaci\u00f3n del DEAP<\/strong><\/p>\n<ul>\n<li>Pol\u00edticas p\u00fablicas, gobernanza y gesti\u00f3n<\/li>\n<li>Bienestar y desarrollo<\/li>\n<\/ul>\n<div>\n<p><strong>Conceptualizaci\u00f3n.<\/strong><\/p>\n<p>An\u00e1lisis y evaluaci\u00f3n de las pol\u00edticas p\u00fablicas, los modelos de gobernanza y las condiciones de bienestar y desarrollo en diferentes territorios y escalas, con enfoques multinivel, fronterizos y transfronterizos. En este eje se incorpora el uso de metodolog\u00edas cuantitativas, cualitativas y mixtas. Consta de dos l\u00edneas de investigaci\u00f3n<\/p>\n<\/div>\n<div><\/div>\n<div>\u00a0<strong>Problemas de investigaci\u00f3n<\/strong><\/div>\n<ul>\n<li>An\u00e1lisis y evaluaci\u00f3n de las pol\u00edticas p\u00fablicas y programas.<\/li>\n<li>Estudio de la formaci\u00f3n de la agenda p\u00fablica.<\/li>\n<li>Calidad de la gobernanza, fortalecimiento institucional y desempe\u00f1o de la gesti\u00f3n p\u00fablica.<\/li>\n<li>Desigualdad, vulnerabilidad y exclusi\u00f3n.<\/li>\n<li>Pol\u00edtica social para el fomento del bienestar y la inclusi\u00f3n.<\/li>\n<li>Cohesi\u00f3n y justicia territorial en condiciones de desigualdad y segregaci\u00f3n.<\/li>\n<li>Desarrollo sostenible e innovaci\u00f3n institucional y social.<\/li>\n<\/ul>\n<p>Se presentan a continuaci\u00f3n las l\u00edneas de investigaci\u00f3n espec\u00edficas de cada integrante de la junta de profesores y como est\u00e1n asociados dentro de los temas generales del Departamento de Administraci\u00f3n P\u00fablica.<\/p>\n<table style=\"height: 1454px;\" border=\"1\" width=\"755\">\n<tbody>\n<tr bgcolor=\"#c3d69b\">\n<td style=\"text-align: center;\" width=\"19%\"><strong>INVESTIGADOR<\/strong><\/td>\n<td style=\"text-align: center;\" width=\"46%\"><strong>L\u00cdNEAS DE INVESTIGACI\u00d3N<\/strong><\/td>\n<td style=\"text-align: center;\" width=\"24%\"><strong>TEMAS GENERALES DEL DEAP<\/strong><\/td>\n<\/tr>\n<tr>\n<td width=\"19%\"><a title=\"V\u00edctor Alejandro Espinoza Valle\" href=\"http:\/\/www.colef.mx\/deap\/?page_id=203\" target=\"_blank\" rel=\"noopener\">Espinoza Valle V\u00edctor Alejandro<\/a><\/td>\n<td width=\"46%\">Elecciones, Elecciones desde el extranjero, Democracia, Pol\u00edtica electoral.<br \/>\n<strong><span style=\"color: #003300;\">https:\/\/orcid.org\/0000-0002-3956-4730<\/span><\/strong><\/td>\n<td width=\"24%\">Instituciones pol\u00edticas y procesos sociales<\/td>\n<\/tr>\n<tr>\n<td width=\"19%\"><a title=\"Alberto Hern\u00e1ndez Hern\u00e1ndez\" href=\"http:\/\/www.colef.mx\/deap\/?page_id=210\" target=\"_blank\" rel=\"noopener\">Hern\u00e1ndez Hern\u00e1ndez Alberto<\/a><\/td>\n<td width=\"46%\">Fronteras, Migraci\u00f3n Interncaional y religi\u00f3n.<br \/>\n<strong><span style=\"color: #003300;\">https:\/\/orcid.org\/0000-0001-7176-0902<\/span><\/strong><\/td>\n<td width=\"24%\">Instituciones pol\u00edticas y procesos sociales<\/td>\n<\/tr>\n<tr>\n<td width=\"19%\"><a title=\"Mar\u00eda Artemisa L\u00f3pez Le\u00f3n\" href=\"http:\/\/www.colef.mx\/deap\/?page_id=212\" target=\"_blank\" rel=\"noopener\">L\u00f3pez Le\u00f3n Mar\u00eda Artemisa<\/a><\/td>\n<td width=\"46%\">Acci\u00f3n colectiva, participaci\u00f3n sociopol\u00edtica y pol\u00edticas p\u00fablicas que, en los \u00faltimos a\u00f1os, ha vinculado a la reflexi\u00f3n sobre narcoviolencia.<br \/>\n<strong><span style=\"color: #003300;\">https:\/\/orcid.org\/0000-0002-8565-1413<\/span><\/strong><\/td>\n<td width=\"24%\">Pol\u00edticas p\u00fablicas y desarrollo regional<\/td>\n<\/tr>\n<tr>\n<td width=\"19%\"><a title=\"S\u00e1rah Eva Mart\u00ednez Pell\u00e9grini\" href=\"http:\/\/www.colef.mx\/deap\/?page_id=112\" target=\"_blank\" rel=\"noopener\">Mart\u00ednez Pell\u00e9grini S\u00e1rah Eva<\/a><\/td>\n<td width=\"46%\">Desarrollo regional e integraci\u00f3n econ\u00f3mica internacional, sistemas productivos locales, competitividad y planeaci\u00f3n y evaluaci\u00f3n de pol\u00edticas.<br \/>\n<strong><span style=\"color: #003300;\">https:\/\/orcid.org\/0000-0002-3334-4972<\/span><\/strong><\/td>\n<td width=\"24%\">Pol\u00edticas p\u00fablicas y desarrollo regional<\/td>\n<\/tr>\n<tr>\n<td width=\"19%\"><a title=\"Carlos Alejandro Monsiv\u00e1is Carrillo\" href=\"http:\/\/www.colef.mx\/deap\/?page_id=214\" target=\"_blank\" rel=\"noopener\">Monsiv\u00e1is Carrillo Alejandro<\/a><\/td>\n<td width=\"46%\">An\u00e1lisis de los procesos asociados a la construcci\u00f3n de la democracia como un r\u00e9gimen de control y rendici\u00f3n de cuentas p\u00fablicos: opini\u00f3n p\u00fablica, legitimidad democr\u00e1tica y cambio pol\u00edtico; sistema pol\u00edtico, rendici\u00f3n de cuentas y corrupci\u00f3n; representaci\u00f3n, populismo y v\u00ednculos ciudadanos-partidos.<br \/>\n<strong><span style=\"color: #003300;\">https:\/\/orcid.org\/0000-0001-8661-5935<\/span><\/strong><\/td>\n<td width=\"24%\">Instituciones pol\u00edticas y procesos sociales<\/td>\n<\/tr>\n<tr>\n<td width=\"19%\"><a title=\"Gerardo Manuel Ord\u00f3\u00f1ez Barba\" href=\"http:\/\/www.colef.mx\/deap\/?page_id=115\" target=\"_blank\" rel=\"noopener\">Ord\u00f3\u00f1ez Barba Gerardo Manuel<\/a><\/td>\n<td width=\"46%\">An\u00e1lisis y evaluaci\u00f3n de pol\u00edticas y programas sociales, gobiernos locales y desarrollo social en la frontera norte de M\u00e9xico.<br \/>\n<strong><span style=\"color: #003300;\">https:\/\/orcid.org\/0000-0003-3498-5808<\/span><\/strong><\/td>\n<td width=\"24%\">Pol\u00edticas p\u00fablicas y desarrollo regional<\/td>\n<\/tr>\n<tr>\n<td width=\"19%\"><a title=\"Jos\u00e9 Mar\u00eda Ramos Garc\u00eda\" href=\"http:\/\/www.colef.mx\/deap\/?page_id=216\" target=\"_blank\" rel=\"noopener\">Ramos Garc\u00eda Jos\u00e9 Mar\u00eda<\/a><\/td>\n<td width=\"46%\">Gobierno y administraci\u00f3n, relaciones M\u00e9xico-EEUU, planeaci\u00f3n estrat\u00e9gica, gobernanza y evaluaci\u00f3n de pol\u00edticas<br \/>\n<strong><span style=\"color: #003300;\">https:\/\/orcid.org\/0000-0001-6440-6470<\/span><\/strong><\/td>\n<td width=\"24%\">Gobiernos locales y gesti\u00f3n binacional<\/td>\n<\/tr>\n<tr>\n<td width=\"19%\"><a title=\"Marcos Sergio Reyes Santos\" href=\"http:\/\/www.colef.mx\/deap\/?page_id=218\" target=\"_blank\" rel=\"noopener\">Reyes Santos Marcos Sergio<\/a><\/td>\n<td width=\"46%\">Federalismo y pol\u00edtica educativa, g<span style=\"font-family: inherit; font-size: inherit;\">obiernos locales y desarrollo regional, g<\/span><span style=\"font-family: inherit; font-size: inherit;\">obernanza transfronteriza.<\/span><br \/>\n<strong><span style=\"color: #003300;\">https:\/\/orcid.org\/0000-0002-0949-134X<\/span><\/strong><\/td>\n<td width=\"24%\">Pol\u00edticas p\u00fablicas y desarrollo regional<\/td>\n<\/tr>\n<tr>\n<td width=\"19%\"><a title=\"Vicente S\u00e1nchez Mungu\u00eda\" href=\"http:\/\/www.colef.mx\/deap\/?page_id=222\" target=\"_blank\" rel=\"noopener\">S\u00e1nchez Mungu\u00eda Vicente<\/a> <strong>(Investigador Jubilado)<\/strong><\/td>\n<td width=\"46%\">Gesti\u00f3n ambiental y pol\u00edtica ambiental.<br \/>\n<strong><span style=\"color: #003300;\">https:\/\/orcid.org\/0000-0002-5998-6068<\/span><\/strong><\/td>\n<td width=\"24%\">Pol\u00edticas p\u00fablicas y desarrollo<\/td>\n<\/tr>\n<tr>\n<td width=\"19%\"><a title=\"Omar Stabridis Arana\" href=\"https:\/\/www.colef.mx\/deap\/?page_id=1346\" target=\"_blank\" rel=\"noopener\">Stabridis Arana Omar<\/a><\/td>\n<td width=\"46%\">Mercados laborales, pobreza, tecnolog\u00edas de la informaci\u00f3n y comunicaci\u00f3n y an\u00e1lisis y evaluaci\u00f3n de pol\u00edticas y programas sociales, gobiernos locales y desarrollo social en la frontera norte de M\u00e9xico.<br \/>\n<strong><span style=\"color: #003300;\">https:\/\/orcid.org\/0000-0001-9070-6311<\/span><\/strong><\/td>\n<td width=\"24%\">Instituciones pol\u00edticas y procesos sociales<\/td>\n<\/tr>\n<\/tbody>\n<\/table>\n<h1><\/h1>\n<h3 style=\"text-align: center;\"><span style=\"color: #003366;\">\u00a0<\/span><\/h3>\n<p><a href=\"http:\/\/www.colef.mx\/deap\/wp-content\/uploads\/2013\/08\/Gerardo-Ordonez.jpg\">\u00a0<\/a><\/p>\n","protected":false},"excerpt":{"rendered":"<p>El DEAP es un departamento que a partir de sus campos tem\u00e1ticos como son Pol\u00edticas p\u00fablicas, gobernanza y desarrollo pretende posicionar en los pr\u00f3ximos a\u00f1os una agenda en temas nodales para el desarrollo y la gobernanza , desde una perspectiva sist\u00e9mica e interdisciplinaria con impacto social , econ\u00f3mico y en el \u00e1mbito de la acci\u00f3n [&hellip;]<\/p>\n","protected":false},"author":1,"featured_media":0,"parent":0,"menu_order":0,"comment_status":"closed","ping_status":"open","template":"","meta":{"footnotes":""},"class_list":["post-51","page","type-page","status-publish","hentry"],"_links":{"self":[{"href":"https:\/\/www.colef.mx\/deap\/index.php?rest_route=\/wp\/v2\/pages\/51","targetHints":{"allow":["GET"]}}],"collection":[{"href":"https:\/\/www.colef.mx\/deap\/index.php?rest_route=\/wp\/v2\/pages"}],"about":[{"href":"https:\/\/www.colef.mx\/deap\/index.php?rest_route=\/wp\/v2\/types\/page"}],"author":[{"embeddable":true,"href":"https:\/\/www.colef.mx\/deap\/index.php?rest_route=\/wp\/v2\/users\/1"}],"replies":[{"embeddable":true,"href":"https:\/\/www.colef.mx\/deap\/index.php?rest_route=%2Fwp%2Fv2%2Fcomments&post=51"}],"version-history":[{"count":137,"href":"https:\/\/www.colef.mx\/deap\/index.php?rest_route=\/wp\/v2\/pages\/51\/revisions"}],"predecessor-version":[{"id":1793,"href":"https:\/\/www.colef.mx\/deap\/index.php?rest_route=\/wp\/v2\/pages\/51\/revisions\/1793"}],"wp:attachment":[{"href":"https:\/\/www.colef.mx\/deap\/index.php?rest_route=%2Fwp%2Fv2%2Fmedia&parent=51"}],"curies":[{"name":"wp","href":"https:\/\/api.w.org\/{rel}","templated":true}]}}