{"id":218,"date":"2013-10-09T11:05:11","date_gmt":"2013-10-09T18:05:11","guid":{"rendered":"http:\/\/www.colef.mx\/deap\/?page_id=218"},"modified":"2025-10-27T13:04:36","modified_gmt":"2025-10-27T20:04:36","slug":"marcos-sergio-reyes-santos","status":"publish","type":"page","link":"https:\/\/www.colef.mx\/deap\/?page_id=218","title":{"rendered":"Marcos Sergio Reyes Santos"},"content":{"rendered":"<h3><strong><span style=\"color: #800000;\">Profesor &#8211; Investigador del Departamento de Estudios de Administraci\u00f3n P\u00fablica.<\/span><\/strong><\/h3>\n<p><a href=\"https:\/\/orcid.org\/0000-0002-0949-134X\" target=\"_blank\" rel=\"noopener\">https:\/\/orcid.org\/0000-0002-0949-134X<\/a><\/p>\n<p><a href=\"mailto:mreyes@colef.mx\" target=\"_blank\" rel=\"noopener\"><strong>mreyes@colef.mx<\/strong><\/a><\/p>\n<p><span style=\"color: #333333;\">Es Doctor en Ciencias con especialidad en Investigaciones Educativas (2002-2006) por El Departamento de Investigaciones Educativas del Cinvestav-IPN; Maestro en Desarrollo Regional por el Colegio de la Frontera Norte (1990-1992) y Licenciado en Econom\u00eda por la Universidad Aut\u00f3noma de Baja California Sur (1984-1988). Actualmente, se desempe\u00f1a como profesor-investigador en el Departamento de Estudios de Administraci\u00f3n P\u00fablica de El Colef..<\/span><\/p>\n<p><span style=\"color: #333333;\"><strong>Sus l\u00edneas de investigaci\u00f3n son: Federalismo y pol\u00edtica educativa, gobiernos locales y desarrollo regional, gobernanza transfronteriza.<\/strong><\/span><\/p>\n<p><span style=\"color: #333333;\">Ha sido Coordinador de la Maestr\u00eda en Desarrollo Regional (2014-2016); Coordinador Interno de la Comisi\u00f3n Evaluadora del Departamento de Estudios de Administraci\u00f3n P\u00fablica (2013\u20132016); miembro del Sistema Nacional de Investigadores en el periodo: 01\/2012 al 31\/2015, y Director del Departamento de Estudios de Administraci\u00f3n P\u00fablica (2007-2009).<\/span><\/p>\n<p><span style=\"color: #333333;\">Participa en la Red de Investigadores en Gobiernos Locales de M\u00e9xico (IGLOM) desde 2004 a la fecha, y, desde 2016, colabora en el proyecto Red Tem\u00e1tica Sistemas Territoriales y Agencia. Conocimiento y Capacidades para el Desarrollo (Colef, UPN, Universidad de Tamaulipas, Universidad del Estado de M\u00e9xico, Universidad Nacional de Argentina).<\/span><\/p>\n<p><span style=\"color: #333333;\">Algunas de sus publicaciones recientes son:<\/span><\/p>\n<p><strong>LIBROS DE AUTOR Y COORDINACI\u00d3N<\/strong><\/p>\n<ol>\n<li>&#8212;&#8211; L\u00f3pez, Ma. Artemisa y Jos\u00e9, Ma. Ramos (coords.), <em>La agenda 2030, en la frontera norte. Gobernanza, pol\u00edticas p\u00fablicas y derechos humanos<\/em>, El Colegio\u00a0de\u00a0la Frontera Norte, 175 p., ISBN: 978-607-479-521-9, M\u00e9xico, 2023.<\/li>\n<li>&#8212;&#8211; Sarabia R., Cecilia (coords.), <em>Democracia, participaci\u00f3n ciudadana y pol\u00edticas p\u00fablicas: experiencias locales de gobierno e incidencias sociales<\/em>, Ciudad Ju\u00e1rez, Chihuahua, M\u00e9xico, El Colegio de Chihuahua. ISBN: 978-607-8214-70-9, 2023<\/li>\n<li>&#8212;&#8211; Hern\u00e1ndez, Daniel (coords.), <em>La reforma inconclusa. Una aportaci\u00f3n regional sobre la reforma educativa<\/em>, M\u00e9xico, Universidad Pedag\u00f3gica Nacional\/COCITBC\/Abismos Casa Editorial. ISBN: 979-856-647-771-8, 2022.<\/li>\n<\/ol>\n<p><strong>CAP\u00cdTULOS<\/strong><\/p>\n<ol>\n<li>&#8212;&#8211; Vera, Juana I., Salud y desarrollo sostenible 2030: desaf\u00edos para garantizar una vida sana y promover el bienestar de la poblaci\u00f3n en la frontera norte de M\u00e9xico. En Garc\u00eda, Rigoberto (coord.), <em>Agenda 2030<\/em>. <em>Desarrollo sostenible en la regi\u00f3n fronteriza del noroeste de M\u00e9xico<\/em>, El Colegio de la Frontera Norte, 2024.<\/li>\n<li>&#8212;&#8211; Bernardo de Jes\u00fas Salda\u00f1a T\u00e9llez, Gobernanza y cooperaci\u00f3n transfronteriza en la regi\u00f3n Tijuana-San Diego. Escenarios de interacci\u00f3n entre actores e instituciones en temas estrat\u00e9gicos, en David Rocha Romero y Jimmy Emmanuel Ramos Valencia (coordinadores), <em>Fronteras en movimiento. Identidad, cooperaci\u00f3n y desaf\u00edos en la relaci\u00f3n M\u00e9xico-Estados Unidos<\/em>, Universidad Aut\u00f3noma de Baja California, 2023.<\/li>\n<li>&#8212;&#8211; Sarabia R\u00edos, Cecilia, El complejo panorama para el fortalecimiento de la democracia, en, en Cecilia Sarabia R\u00edos y Marcos Sergio Reyes Santos (coordinadores) <em>Democracia, participaci\u00f3n ciudadana y pol\u00edticas p\u00fablicas: experiencias locales de gobierno e incidencias sociales<\/em>, Ciudad Ju\u00e1rez, Chihuahua, M\u00e9xico, El Colegio de Chihuahua, 2023.<\/li>\n<li>&#8212;&#8211; Garc\u00eda Ay\u00f3n, Am\u00e9rica, Mecanismos de control al gobierno municipal: contralor\u00eda social, rendici\u00f3n de cuentas y transparencia. El caso de Ciudad Ju\u00e1rez, Chihuahua, en Cecilia Sarabia R\u00edos y Marcos Sergio Reyes Santos (coordinadores), <em>Democracia, participaci\u00f3n ciudadana y pol\u00edticas p\u00fablicas: experiencias locales de gobierno e incidencias sociales<\/em>, Ciudad Ju\u00e1rez, Chihuahua, M\u00e9xico, El Colegio de Chihuahua, pp. 58-77, 2023.<\/li>\n<li>Ciencia, tecnolog\u00eda y desarrollo sustentable. Algunas posibilidades y obst\u00e1culos institucionales para la adopci\u00f3n de la Agenda 2030 en la frontera norte de M\u00e9xico. En L\u00f3pez, Ma. Artemisa, Jos\u00e9, Ma. Ramos y Marcos, Reyes (coords.), <em>La agenda 2030, en la frontera norte. Gobernanza, pol\u00edticas p\u00fablicas y derechos humanos<\/em>, El Colegio\u00a0de\u00a0la Frontera Norte, pp. 167-189, M\u00e9xico, 2023.<\/li>\n<li>Ciencia, tecnolog\u00eda y formaci\u00f3n de capacidades para el desarrollo en la frontera norte de M\u00e9xico: un an\u00e1lisis preliminar de los Fondos Mixtos. En Mart\u00ednez Sarah, Juana I., Vera y Jos\u00e9, Gasca (coords.) <em>Los nortes y el desarrollo en M\u00e9xico. Perspectivas, dimensiones y categor\u00edas\u00a0 para un an\u00e1lisis del territorio. Volumen II<\/em>, M\u00e9xico, Conacyt\/Convid\/Amecider\/Sistemas Territoriales y Agencia, pp. 49\u201089, 2022.<\/li>\n<li>La distribuci\u00f3n de los recursos del Fordecyt en la frontera norte de M\u00e9xico: principales caracter\u00edsticas y algunos retos hacia la innovaci\u00f3n, 2016\u20102020. En Monta\u00f1o, Ma. Ang\u00e9lica, Juana I., Vera y Sarah E., Mart\u00ednez (coords.), <em>Territorio y capacidades: actores, redes e innovaci\u00f3n<\/em>, La Paz, BCS, M\u00e9xico, UABCS\/Amecider\/Sistemas Territoriales y Agencia, pp. 136\u2010 177, 2022.<\/li>\n<\/ol>\n<p style=\"text-align: right;\"><a href=\"https:\/\/drive.google.com\/file\/d\/1XpBqZwcsC_xEylCjOjgbtA91Lhl1RsTP\/view?usp=sharing\" target=\"_blank\" rel=\"noopener\"><strong>Ver CV-Publicaciones<\/strong><\/a><\/p>\n<p style=\"text-align: right;\"><strong>Academia.edu<\/strong><\/p>\n<p style=\"text-align: right;\"><a href=\"https:\/\/scholar.google.es\/citations?hl=es&amp;user=JFEniAkAAAAJ\" target=\"_blank\" rel=\"noopener\"><strong>Google Citation<\/strong><\/a><\/p>\n<p style=\"text-align: right;\"><a href=\"https:\/\/orcid.org\/0000-0002-0949-134X\" target=\"_blank\" rel=\"noopener\"><strong>ORC ID<\/strong><\/a><\/p>\n<p style=\"text-align: right;\"><strong>Researchgate<\/strong><\/p>\n<p style=\"text-align: right;\"><strong><a title=\"Junta de Profesores\" href=\"http:\/\/www.colef.mx\/deap\/?page_id=26\">Regresar al directorio JPDEAP<\/a><\/strong><\/p>\n","protected":false},"excerpt":{"rendered":"<p>Profesor &#8211; Investigador del Departamento de Estudios de Administraci\u00f3n P\u00fablica. https:\/\/orcid.org\/0000-0002-0949-134X mreyes@colef.mx Es Doctor en Ciencias con especialidad en Investigaciones Educativas (2002-2006) por El Departamento de Investigaciones Educativas del Cinvestav-IPN; Maestro en Desarrollo Regional por el Colegio de la Frontera Norte (1990-1992) y Licenciado en Econom\u00eda por la Universidad Aut\u00f3noma de Baja California Sur (1984-1988). [&hellip;]<\/p>\n","protected":false},"author":1,"featured_media":0,"parent":0,"menu_order":0,"comment_status":"closed","ping_status":"open","template":"","meta":{"footnotes":""},"class_list":["post-218","page","type-page","status-publish","hentry"],"_links":{"self":[{"href":"https:\/\/www.colef.mx\/deap\/index.php?rest_route=\/wp\/v2\/pages\/218","targetHints":{"allow":["GET"]}}],"collection":[{"href":"https:\/\/www.colef.mx\/deap\/index.php?rest_route=\/wp\/v2\/pages"}],"about":[{"href":"https:\/\/www.colef.mx\/deap\/index.php?rest_route=\/wp\/v2\/types\/page"}],"author":[{"embeddable":true,"href":"https:\/\/www.colef.mx\/deap\/index.php?rest_route=\/wp\/v2\/users\/1"}],"replies":[{"embeddable":true,"href":"https:\/\/www.colef.mx\/deap\/index.php?rest_route=%2Fwp%2Fv2%2Fcomments&post=218"}],"version-history":[{"count":16,"href":"https:\/\/www.colef.mx\/deap\/index.php?rest_route=\/wp\/v2\/pages\/218\/revisions"}],"predecessor-version":[{"id":1736,"href":"https:\/\/www.colef.mx\/deap\/index.php?rest_route=\/wp\/v2\/pages\/218\/revisions\/1736"}],"wp:attachment":[{"href":"https:\/\/www.colef.mx\/deap\/index.php?rest_route=%2Fwp%2Fv2%2Fmedia&parent=218"}],"curies":[{"name":"wp","href":"https:\/\/api.w.org\/{rel}","templated":true}]}}