{"id":200,"date":"2013-10-09T10:55:30","date_gmt":"2013-10-09T17:55:30","guid":{"rendered":"http:\/\/www.colef.mx\/deap\/?page_id=200"},"modified":"2020-01-30T11:38:57","modified_gmt":"2020-01-30T19:38:57","slug":"maria-del-socorro-arzaluz-solano","status":"publish","type":"page","link":"https:\/\/www.colef.mx\/deap\/?page_id=200","title":{"rendered":"Mar\u00eda del Socorro Arzaluz Solano"},"content":{"rendered":"<h3><span style=\"color: #800000;\">Profesora &#8211; Investigadora del Departamento de Estudios de Administraci\u00f3n P\u00fablica.<\/span><\/h3>\n<h3><span style=\"color: #800000;\">Sede Monterrey, Nuevo Le\u00f3n.<\/span><\/h3>\n<p><a href=\"mailto:sarzaluz@colef.mx\" target=\"_blank\" rel=\"noopener\"><strong>sarzaluz@colef.mx<\/strong><\/a><\/p>\n<p><span style=\"color: #333333;\">Es doctora en Sociolog\u00eda por El Colegio de M\u00e9xico (COLMEX) y miembro del Sistema Nacional de Investigadores (SNI) Nivel II. Es profesora-investigadora de El Colef, adscrita al Departamento de Estudios de Administraci\u00f3n P\u00fablica en la Direcci\u00f3n Regional Noreste en Monterrey.<\/span><\/p>\n<p><span style=\"color: #333333;\"><strong>Sus l\u00edneas de investigaci\u00f3n son: gobiernos locales, g\u00e9nero y violencia criminal.<\/strong><\/span><\/p>\n<p><span style=\"color: #333333;\">Participa en redes acad\u00e9micas tales como Red de Investigadores en Gobiernos Locales Mexicanos, Red Nacional de Investigaci\u00f3n Urbana y Red Prevenci\u00f3n de Adicciones y Seguridad Ciudadana.<\/span><\/p>\n<p><span style=\"color: #333333;\">Sus m\u00e1s recientes colaboraciones fueron en los proyectos: \u201cHecho en el barrio\u201d, \u201cRegi\u00f3n transfronteriza M\u00e9xico-Guatemala\u201d y \u201cPol\u00edticas multinivel para el retorno y la reinserci\u00f3n de migrantes mexicanos y sus familiares. Caso Nuevo Le\u00f3n\u201d.<\/span><\/p>\n<p><span style=\"color: #333333;\">Algunas de sus publicaciones recientes son:<\/span><\/p>\n<ol>\n<li><span style=\"color: #333333;\">Coordinaci\u00f3n del libro: Frontera y ciudadan\u00eda ante la encrucijada de la inseguridad (en conjunto con Arturo Z\u00e1rate), 2016, COLEF<\/span><\/li>\n<li><span style=\"color: #333333;\">Coordinaci\u00f3n del libro: Violencia y crisis social en el \u00faltimo rinc\u00f3n de la frontera: Piedras Negras y Acu\u00f1a, (2017), COLEF<\/span><\/li>\n<li><span style=\"color: #333333;\">Coordinaci\u00f3n del libro: Seguridad P\u00fablica en los gobiernos locales de M\u00e9xico (en conjunto con Pavel G\u00f3mez, (2017), IGLOM<\/span><\/li>\n<li><span style=\"color: #333333;\">Coordinaci\u00f3n del libro: Cruces y retornos en la regi\u00f3n del Noreste mexicano en el alba del Siglo XXI (en conjunto con Efr\u00e9n Sandoval, (2019), COLEF<\/span><\/li>\n<\/ol>\n<p><span style=\"color: #333333;\">Ha impartido las materias de Teor\u00eda de lo P\u00fablico y la Acci\u00f3n P\u00fablica Urbana en la Maestr\u00eda en Acci\u00f3n P\u00fablica y Desarrollo Social y Metodolog\u00eda y T\u00e9cnicas de Investigaci\u00f3n para la Maestr\u00eda en Gesti\u00f3n Integral del Agua, ambas en El Colegio de la Frontera Norte.<\/span><\/p>\n<p><span style=\"color: #333333;\">En la Universidad Aut\u00f3noma de Nuevo Le\u00f3n ha impartido Sociolog\u00eda Urbana y Etnograf\u00eda para la investigaci\u00f3n urbana, en los programas de Maestr\u00eda y Doctorado en Asuntos Urbanos de la Facultad de Arquitectura.<\/span><\/p>\n<p style=\"text-align: right;\"><strong>Ver \u00a0CV completo<\/strong><\/p>\n<p style=\"text-align: right;\"><strong><a title=\"Junta de Profesores\" href=\"http:\/\/www.colef.mx\/deap\/?page_id=26\">Regresar al directorio JPDEAP<\/a><\/strong><\/p>\n","protected":false},"excerpt":{"rendered":"<p>Profesora &#8211; Investigadora del Departamento de Estudios de Administraci\u00f3n P\u00fablica. Sede Monterrey, Nuevo Le\u00f3n. sarzaluz@colef.mx Es doctora en Sociolog\u00eda por El Colegio de M\u00e9xico (COLMEX) y miembro del Sistema Nacional de Investigadores (SNI) Nivel II. Es profesora-investigadora de El Colef, adscrita al Departamento de Estudios de Administraci\u00f3n P\u00fablica en la Direcci\u00f3n Regional Noreste en Monterrey. [&hellip;]<\/p>\n","protected":false},"author":1,"featured_media":0,"parent":0,"menu_order":0,"comment_status":"closed","ping_status":"open","template":"","meta":{"footnotes":""},"class_list":["post-200","page","type-page","status-publish","hentry"],"_links":{"self":[{"href":"https:\/\/www.colef.mx\/deap\/index.php?rest_route=\/wp\/v2\/pages\/200","targetHints":{"allow":["GET"]}}],"collection":[{"href":"https:\/\/www.colef.mx\/deap\/index.php?rest_route=\/wp\/v2\/pages"}],"about":[{"href":"https:\/\/www.colef.mx\/deap\/index.php?rest_route=\/wp\/v2\/types\/page"}],"author":[{"embeddable":true,"href":"https:\/\/www.colef.mx\/deap\/index.php?rest_route=\/wp\/v2\/users\/1"}],"replies":[{"embeddable":true,"href":"https:\/\/www.colef.mx\/deap\/index.php?rest_route=%2Fwp%2Fv2%2Fcomments&post=200"}],"version-history":[{"count":14,"href":"https:\/\/www.colef.mx\/deap\/index.php?rest_route=\/wp\/v2\/pages\/200\/revisions"}],"predecessor-version":[{"id":1386,"href":"https:\/\/www.colef.mx\/deap\/index.php?rest_route=\/wp\/v2\/pages\/200\/revisions\/1386"}],"wp:attachment":[{"href":"https:\/\/www.colef.mx\/deap\/index.php?rest_route=%2Fwp%2Fv2%2Fmedia&parent=200"}],"curies":[{"name":"wp","href":"https:\/\/api.w.org\/{rel}","templated":true}]}}