{"id":1346,"date":"2020-01-23T13:15:55","date_gmt":"2020-01-23T21:15:55","guid":{"rendered":"https:\/\/www.colef.mx\/deap\/?page_id=1346"},"modified":"2025-02-25T12:07:48","modified_gmt":"2025-02-25T20:07:48","slug":"christian-ivan-becerril-velasco","status":"publish","type":"page","link":"https:\/\/www.colef.mx\/deap\/?page_id=1346","title":{"rendered":"Omar David Stabridis Arana"},"content":{"rendered":"<h3><span style=\"color: #800000;\"><strong>Profesor &#8211; Investigador del Departamento de Estudios de Administraci\u00f3n P\u00fablica.<\/strong><\/span><\/h3>\n<p><a href=\"https:\/\/orcid.org\/0000-0001-9070-6311\" target=\"_blank\" rel=\"noopener\">https:\/\/orcid.org\/0000-0001-9070-6311<\/a><\/p>\n<p><strong><a href=\"ostabridis@colef.mx\" target=\"_blank\" rel=\"noopener\">ostabridis@colef.mx<\/a><\/strong><\/p>\n<p>Doctor en Econom\u00eda con \u00e1rea de inter\u00e9s en econom\u00eda aplicada, desarrollo econ\u00f3mico e inferencia causal con un amplio conocimiento y manejo de m\u00e9todos estad\u00edsticos y econom\u00e9tricos, an\u00e1lisis multivariado; microeconometr\u00eda aplicada en salud, laboral y agr\u00edcola y vulnerabilidad; evaluaci\u00f3n de pol\u00edticas p\u00fablicas, m\u00e9todos cuantitativos; amplio manejo de las principales encuestas nacionales y censos.<\/p>\n<p><strong><u>L\u00edneas de investigaci\u00f3n.<\/u><\/strong><\/p>\n<p>Modelaci\u00f3n econ\u00f3mica del hogar<\/p>\n<ul>\n<li>Econom\u00eda Aplicada y Microeconometr\u00eda Aplicada<\/li>\n<li>Pobreza y Vulnerabilidad Econ\u00f3mica en los Hogares<\/li>\n<li>Desarrollo Econ\u00f3mico y Evaluaci\u00f3n de Pol\u00edticas P\u00fablicas- M\u00e9todos Cuantitativos<\/li>\n<li>Identificaci\u00f3n e Inferencia Causal<\/li>\n<\/ul>\n<p>Algunas de sus publicaciones recientes:<\/p>\n<p><strong>CAP\u00cdTULOS EN LIBROS<\/strong><\/p>\n<p><span style=\"color: initial;\">&#8212;&#8211; Ord\u00f3\u00f1ez, G., (2024), La duplicaci\u00f3n del salario m\u00ednimo en la frontera norte de M\u00e9xico en 2019 y sus implicaciones en el ingreso, la ocupaci\u00f3n, la inflaci\u00f3n y la pobreza laboral. En Ord\u00f3\u00f1ez Barba Gerardo y Oscar, Mart\u00ednez (coords.) <\/span><em style=\"color: initial;\">Balance de la pol\u00edtica social en tiempos del covid-19 y retos de la pospandemia en M\u00e9xico<\/em><span style=\"color: initial;\">, El Colegio de la Frontera Norte, pp. 45-79.\u00a0<\/span><\/p>\n<p>&#8212;&#8211; Cecilia, Salgado, (2023). \u201cJornaleros agr\u00edcolas en M\u00e9xico: entre la indefensi\u00f3n laboral y la pobreza\u201d. En Abigail Rodr\u00edguez, Carlos Garc\u00eda y Fortino Vela (coords). <em>Trabajo, pobreza y pobreza laboral,<\/em>\u00a0Universidad Aut\u00f3noma Metropolitana-Xochimilco.<\/p>\n<p>&#8212;&#8211; Cecilia, Salgado, (2019). El Contexto Social y su relaci\u00f3n con el an\u00e1lisis de la pobreza rural. En Santiago, E. y S. V\u00e1zquez (coords), <em>Pobreza: la realidad detr\u00e1s de sus perpetradores y productores,<\/em>\u00a0UPAEP, ITP y El Colegio de Puebla. Puebla.<\/p>\n<p><strong>ART\u00cdCULOS EN REVISTAS<\/strong><\/p>\n<p>&#8212;&#8211; Salgado V., Cecilia, \u00abEvoluci\u00f3n del mercado laboral agr\u00edcola: hacia una tipolog\u00eda de jornaleros para Jalisco\u00bb, <em>Estudios Sociol\u00f3gicos,<\/em> El Colegio de M\u00e9xico, M\u00e9xico, vol. 42, 1-23, <a href=\"https:\/\/doi.org\/10.24201\/es.2024v42.e2606\">https:\/\/doi.org\/10.24201\/es.2024v42.e2606<\/a>, 2024.<\/p>\n<p>&#8212;&#8211; Ord\u00f3\u00f1ez, Gerardo, \u201c(In)seguridad econ\u00f3mica, pobreza y vulnerabilidad en las personas mayores en M\u00e9xico\u201d, <em>Pol\u00edtica y sociedad<\/em>, vol. 60, n\u00fam. 2, Espa\u00f1a, <a href=\"https:\/\/doi.org\/10.5209\/poso.84553\">https:\/\/doi.org\/10.5209\/poso.84553 <\/a>\u00a0,2023.<\/p>\n<p>&#8212;&#8211; Salgado, Cecilia, \u201cEfectos de g\u00e9nero y etnicidad en la brecha salarial entre jornaleros agr\u00edcolas del noroeste mexicano\u201d,<em> Frontera Norte<\/em>, vol. 35, n\u00fam. 14, pp. 1-26, M\u00e9xico,\u00a0 https:\/\/doi.org\/10.33679\/rfn.v1i1.2339, 2023.<\/p>\n<p>\u201cLa semilla de la vulnerabilidad: desventajas acumuladas en jornaleros de la agroindustria mexicana de exportaci\u00f3n\u201d, <em>Regi\u00f3n y Sociedad<\/em>, n\u00fam. 34, e1656-e1656, 2022.<\/p>\n<p style=\"text-align: right;\"><a href=\"https:\/\/drive.google.com\/file\/d\/1-hxhYmcUBczhioRymc_E5gDWPCWjOV5g\/view?usp=sharing\" target=\"_blank\" rel=\"noopener\"><strong>Ver CV-publicaciones<\/strong><\/a><\/p>\n<p style=\"text-align: right;\"><a href=\"https:\/\/colef.academia.edu\/OmarStabridis\" target=\"_blank\" rel=\"noopener\"><strong>Academia.edu<\/strong><\/a><\/p>\n<p style=\"text-align: right;\"><a href=\"https:\/\/scholar.google.es\/citations?hl=es&amp;user=d4kxTw0AAAAJ\" target=\"_blank\" rel=\"noopener\"><strong>Google Citation<\/strong><\/a><\/p>\n<p style=\"text-align: right;\"><a href=\"https:\/\/orcid.org\/0000-0001-9070-6311\" target=\"_blank\" rel=\"noopener\"><strong>ORC ID<\/strong><\/a><\/p>\n<p style=\"text-align: right;\"><a href=\"https:\/\/www.researchgate.net\/profile\/Omar-Stabridis-3\" target=\"_blank\" rel=\"noopener\"><strong>Researchgate<\/strong><\/a><\/p>\n<p style=\"text-align: right;\"><a href=\"http:\/\/www.colef.mx\/deap\/?page_id=26\"><strong>Regresar al directorio JPDEAP<\/strong><\/a><\/p>\n","protected":false},"excerpt":{"rendered":"<p>Profesor &#8211; Investigador del Departamento de Estudios de Administraci\u00f3n P\u00fablica. https:\/\/orcid.org\/0000-0001-9070-6311 ostabridis@colef.mx Doctor en Econom\u00eda con \u00e1rea de inter\u00e9s en econom\u00eda aplicada, desarrollo econ\u00f3mico e inferencia causal con un amplio conocimiento y manejo de m\u00e9todos estad\u00edsticos y econom\u00e9tricos, an\u00e1lisis multivariado; microeconometr\u00eda aplicada en salud, laboral y agr\u00edcola y vulnerabilidad; evaluaci\u00f3n de pol\u00edticas p\u00fablicas, m\u00e9todos cuantitativos; [&hellip;]<\/p>\n","protected":false},"author":1,"featured_media":0,"parent":0,"menu_order":0,"comment_status":"closed","ping_status":"closed","template":"","meta":{"footnotes":""},"class_list":["post-1346","page","type-page","status-publish","hentry"],"_links":{"self":[{"href":"https:\/\/www.colef.mx\/deap\/index.php?rest_route=\/wp\/v2\/pages\/1346","targetHints":{"allow":["GET"]}}],"collection":[{"href":"https:\/\/www.colef.mx\/deap\/index.php?rest_route=\/wp\/v2\/pages"}],"about":[{"href":"https:\/\/www.colef.mx\/deap\/index.php?rest_route=\/wp\/v2\/types\/page"}],"author":[{"embeddable":true,"href":"https:\/\/www.colef.mx\/deap\/index.php?rest_route=\/wp\/v2\/users\/1"}],"replies":[{"embeddable":true,"href":"https:\/\/www.colef.mx\/deap\/index.php?rest_route=%2Fwp%2Fv2%2Fcomments&post=1346"}],"version-history":[{"count":25,"href":"https:\/\/www.colef.mx\/deap\/index.php?rest_route=\/wp\/v2\/pages\/1346\/revisions"}],"predecessor-version":[{"id":1669,"href":"https:\/\/www.colef.mx\/deap\/index.php?rest_route=\/wp\/v2\/pages\/1346\/revisions\/1669"}],"wp:attachment":[{"href":"https:\/\/www.colef.mx\/deap\/index.php?rest_route=%2Fwp%2Fv2%2Fmedia&parent=1346"}],"curies":[{"name":"wp","href":"https:\/\/api.w.org\/{rel}","templated":true}]}}