{"id":1319,"date":"2020-01-22T12:47:12","date_gmt":"2020-01-22T20:47:12","guid":{"rendered":"https:\/\/www.colef.mx\/deap\/?page_id=1319"},"modified":"2020-01-30T11:49:55","modified_gmt":"2020-01-30T19:49:55","slug":"rosa-isabel-medina-parra","status":"publish","type":"page","link":"https:\/\/www.colef.mx\/deap\/?page_id=1319","title":{"rendered":"Rosa Isabel Medina Parra"},"content":{"rendered":"<h3><strong><span style=\"color: #800000;\">Profesora-investigadora del Departamento de Estudios de Administraci\u00f3n P\u00fablica.<\/span><\/strong><\/h3>\n<h3><strong><span style=\"color: #800000;\">Sede Ciudad Ju\u00e1rez, Chihuahua.<\/span><\/strong><\/h3>\n<p><a href=\"mailto:imedina@colef.mx\" target=\"_blank\" rel=\"noopener\"><strong>imedina@colef.mx<\/strong><\/a><\/p>\n<p><span style=\"color: #333333;\">Es Doctora en Ciencias Administrativas por la Universidad Aut\u00f3noma de Ciudad Ju\u00e1rez, C\u00e1tedra CONACYT adscrita a El Colegio de la Frontera Norte, en el\u00a0 Departamento de Estudios de Administraci\u00f3n P\u00fablica. Es Maestra en Administraci\u00f3n con Especialidad en Finanzas, por la Universidad Aut\u00f3noma de Chihuahua y Licenciada en Relaciones Internacionales por la Universidad Aut\u00f3noma de Chihuahua.<\/span><\/p>\n<p><span style=\"color: #333333;\"><strong>Sus l\u00edneas de investigaci\u00f3n actuales son: Derechos Humanos, grupos en situaci\u00f3n de vulnerabilidad, Derechos de las Mujeres.<\/strong><\/span><\/p>\n<p><span style=\"color: #333333;\">Actualmente es Miembro de la Red de investigaci\u00f3n CONACYT: Adicciones y seguridad, y\u00a0 participa como Dictaminadora y evaluadora de proyectos de investigaci\u00f3n.<\/span><\/p>\n<p><span style=\"color: #333333;\">Es Profesora de Posgrado de:<\/span><\/p>\n<p><span style=\"color: #333333;\">El Colegio de la Frontera Norte<\/span><\/p>\n<p><span style=\"color: #333333;\">Universidad Aut\u00f3noma de Chihuahua de la Facultad de Contadur\u00eda y Administraci\u00f3n<\/span><\/p>\n<p><span style=\"color: #333333;\">Universidad Regional del Norte<\/span><\/p>\n<p><span style=\"color: #333333;\">Fiscal\u00eda del Gobierno del Estado de Chihuahua en el Instituto Estatal de Polic\u00eda.<\/span><\/p>\n<p><span style=\"color: #333333;\">Desde noviembre de 2017 participa en el \u00a0proyecto: Los derechos humanos en la frontera norte: Los contextos de alta violencia y tiene a su cargo el proyecto: Derechos humanos de las mujeres: Prevenci\u00f3n de la violencia contra las mujeres por Desaparici\u00f3n Forzada y Feminicidio en Ciudad Ju\u00e1rez, Chihuahua<\/span><\/p>\n<p><span style=\"color: #333333;\"><a name=\"_Toc396396095\"><\/a>Publicaciones recientes<\/span><\/p>\n<ol>\n<li><span style=\"color: #333333;\">Medina Parra, R. I. (2019). Derechos Humanos en Mexico: Entre la modernidad, postmodernidad y ultramodernidad. <em>Noesis<\/em>, 15-25.<\/span><\/li>\n<li><span style=\"color: #333333;\">Medina Parra, R. I. (2019). El paso strong:al interior de un tiroteo. <em>Corredor Fronterizo<\/em>, 1.<\/span><\/li>\n<li><span style=\"color: #333333;\">Medina Parra, R. I. (2019). Los derechos humanos y la dignidad de la persona en chihuahua, desde el plan estatal de desarrollo 2017-2019. <em>Quid Iuris<\/em>, 25-35.<\/span><\/li>\n<li><span style=\"color: #333333;\">Medina Parra, R. I. (2019). Nuevas Guerras y cr\u00edmenes contra la humanidad: las mujeres sin cuerpo ni espacio. En A. M. Alterio, &amp; A. Verastegui, <em>Feminismos y Derechos: Un dialogo interdisciplinario en torno a los debates contempor\u00e1neos<\/em> (p\u00e1gs. 75-122). Juarez, Chihuahua: Suprema Corte de Justicia.<\/span><\/li>\n<\/ol>\n","protected":false},"excerpt":{"rendered":"<p>Profesora-investigadora del Departamento de Estudios de Administraci\u00f3n P\u00fablica. Sede Ciudad Ju\u00e1rez, Chihuahua. imedina@colef.mx Es Doctora en Ciencias Administrativas por la Universidad Aut\u00f3noma de Ciudad Ju\u00e1rez, C\u00e1tedra CONACYT adscrita a El Colegio de la Frontera Norte, en el\u00a0 Departamento de Estudios de Administraci\u00f3n P\u00fablica. Es Maestra en Administraci\u00f3n con Especialidad en Finanzas, por la Universidad Aut\u00f3noma [&hellip;]<\/p>\n","protected":false},"author":1,"featured_media":0,"parent":0,"menu_order":0,"comment_status":"closed","ping_status":"closed","template":"","meta":{"footnotes":""},"class_list":["post-1319","page","type-page","status-publish","hentry"],"_links":{"self":[{"href":"https:\/\/www.colef.mx\/deap\/index.php?rest_route=\/wp\/v2\/pages\/1319","targetHints":{"allow":["GET"]}}],"collection":[{"href":"https:\/\/www.colef.mx\/deap\/index.php?rest_route=\/wp\/v2\/pages"}],"about":[{"href":"https:\/\/www.colef.mx\/deap\/index.php?rest_route=\/wp\/v2\/types\/page"}],"author":[{"embeddable":true,"href":"https:\/\/www.colef.mx\/deap\/index.php?rest_route=\/wp\/v2\/users\/1"}],"replies":[{"embeddable":true,"href":"https:\/\/www.colef.mx\/deap\/index.php?rest_route=%2Fwp%2Fv2%2Fcomments&post=1319"}],"version-history":[{"count":6,"href":"https:\/\/www.colef.mx\/deap\/index.php?rest_route=\/wp\/v2\/pages\/1319\/revisions"}],"predecessor-version":[{"id":1392,"href":"https:\/\/www.colef.mx\/deap\/index.php?rest_route=\/wp\/v2\/pages\/1319\/revisions\/1392"}],"wp:attachment":[{"href":"https:\/\/www.colef.mx\/deap\/index.php?rest_route=%2Fwp%2Fv2%2Fmedia&parent=1319"}],"curies":[{"name":"wp","href":"https:\/\/api.w.org\/{rel}","templated":true}]}}