{"id":115,"date":"2013-09-13T16:50:37","date_gmt":"2013-09-13T16:50:37","guid":{"rendered":"http:\/\/www.colef.mx\/deap\/?page_id=115"},"modified":"2025-10-27T13:48:52","modified_gmt":"2025-10-27T20:48:52","slug":"gerardo-manuel-ordonez-barba","status":"publish","type":"page","link":"https:\/\/www.colef.mx\/deap\/?page_id=115","title":{"rendered":"Gerardo Manuel Ord\u00f3\u00f1ez Barba"},"content":{"rendered":"<h3 style=\"text-align: justify;\"><strong><span style=\"color: #800000;\">Director del Departamento de Estudios de Administraci\u00f3n P\u00fablica.<\/span><\/strong><\/h3>\n<p><a href=\"https:\/\/orcid.org\/0000-0003-3498-5808\" target=\"_blank\" rel=\"noopener\">https:\/\/orcid.org\/0000-0003-3498-5808<\/a><\/p>\n<p><strong><a href=\"mailto:ordonez@colef.mx\">ordonez@colef.mx<\/a><\/strong><\/p>\n<p><span style=\"color: #333333;\">Es doctor en Ciencia Pol\u00edtica, por la Universidad Complutense de Madrid y miembro del Sistema Nacional de Investigadores (SNI) Nivel III. Es profesor-investigador de El Colef, adscrito al Departamento de Estudios de Administraci\u00f3n P\u00fablica; actualmente se desempe\u00f1a como su Director.<\/span><\/p>\n<p><span style=\"color: #333333;\"><strong>Sus l\u00edneas de investigaci\u00f3n son: an\u00e1lisis y evaluaci\u00f3n de pol\u00edticas y programas sociales, gobiernos locales y desarrollo social en la frontera norte de M\u00e9xico.<\/strong><\/span><\/p>\n<p><span style=\"color: #333333;\">Entre las principales distinciones que ha recibido, se encuentra el \u201cDr. Jos\u00e9 G\u00f3mez de Le\u00f3n\u201d por haber logrado el primer lugar en la categor\u00eda de tesis doctorales en el Concurso sobre el Programa de Educaci\u00f3n, Salud y Alimentaci\u00f3n, organizado por la Sedesol y la UNAM en 2002. Adem\u00e1s es miembro regular de la Academia Mexicana de Ciencias desde el 31 de octubre de 2013. Tambi\u00e9n recibi\u00f3 la Menci\u00f3n Honor\u00edfica en el Premio Nacional de Investigaci\u00f3n Social y de Opini\u00f3n P\u00fablica el 18 de noviembre de 2014.<\/span><\/p>\n<p><span style=\"color: #333333;\">Participa en redes acad\u00e9micas tales como el Consejo Latinoamericano de Ciencias Sociales (CLACSO) en el Grupo de Trabajo sobre Pobreza y Pol\u00edticas Sociales y tambi\u00e9n en la Red Mexicana de Investigaci\u00f3n en Pol\u00edtica Social.<\/span><\/p>\n<p><span style=\"color: #333333;\">Recientemente concluy\u00f3 su colaboraci\u00f3n como responsable t\u00e9cnico del proyecto: Regi\u00f3n transfronteriza M\u00e9xico-Guatemala: Dimensi\u00f3n regional y bases para su desarrollo integral.<\/span><\/p>\n<p><span style=\"color: #333333;\">Algunas de sus publicaciones recientes son:<\/span><\/p>\n<p><strong>LIBROS DE AUTOR Y COORDINACI\u00d3N<\/strong><\/p>\n<ol>\n<li>&#8212;&#8211;Mart\u00ednez, Oscar, (Coords.) (Obra cient\u00edfica), <em>Balance de la Pol\u00edtica Social en tiempos del Covid-19 y retos de la pospandemia en M\u00e9xico<\/em>, M\u00e9xico, El Colegio de la Frontera Norte, 332 P\u00e1gs. 2024.<\/li>\n<li>&#8212;&#8211; Huesca, L., y S. Sandoval (coords.), <em>Los retos de la pol\u00edtica social en el sexenio de la Cuarta Transformaci\u00f3n<\/em>, CIAD\/COLEF, 2020.<\/li>\n<li>Migdalia, C., y Enrique, Valencia, (coords.),<em> Pol\u00edticas sociales en Am\u00e9rica Latina en los inicios del siglo XXI. Innovaciones, inercias y retrocesos. <\/em>Buenos Aires: CLACSO y El Colegio de la Frontera Norte, 2019.<\/li>\n<\/ol>\n<p><strong>CAP\u00cdTULOS EN LIBROS<\/strong><\/p>\n<ol>\n<li>&#8212;&#8211;Stabridis, Omar D., La duplicaci\u00f3n del salario m\u00ednimo en la frontera norte de M\u00e9xico en 2019 y sus implicaciones en el ingreso, la ocupaci\u00f3n, la inflaci\u00f3n y la pobreza laboral. En Ord\u00f3\u00f1ez, Gerardo y Mart\u00ednez, Oscar, (Coords.) <em>Balance de la pol\u00edtica social en tiempos del covid-19 y retos de la pospandemia en M\u00e9xico<\/em>, M\u00e9xico, El Colegio de la Frontera Norte, pp. 45-79. 2024.<\/li>\n<li>Las Reformas Sociales En El Gobierno De La Cuarta Transformaci\u00f3n En M\u00e9xico: \u00bfuna Alternativa Universalista A La Pol\u00edtica Social Neoliberal? En Monsiv\u00e1is, Alejandro y Guill\u00e9n Diana, (Coords.) <em>Instituciones y reformas: \u00bfDin\u00e1micas de erosi\u00f3n democr\u00e1tica?<\/em>, M\u00e9xico, Instituto de Investigaciones Dr. Jos\u00e9 Mar\u00eda Luis Mora, pp. 195-233. 2024.<\/li>\n<li>El gasto social en los estados de bienestar de pa\u00edses de la Ocde en la postpandemia. En Calva Jos\u00e9 L. (Coord.) <em>Pol\u00edticas Y Derechos Sociales<\/em>, M\u00e9xico, Consejo Nacional de Universitarios por una Nueva Estrategia de Desarrollo, Editorial Fontamara, pp. 9-13. 2024.<\/li>\n<li>&#8212;&#8211; Acosta, Felix y Francisco, Reyes, Calidad de vida urbana en zonas marginadas de ciudades situadas en entidades de la frontera norte y sur de M\u00e9xico. En Herrera, Luis y Jes\u00fas Ruiz (coords.), <em>Acercando las fronteras desde las ciencias sociales; experiencias y problem\u00e1ticas en la frontera norte y el sureste de M\u00e9xico<\/em>, Universidad de Tijuana (CUT), pp. 11-40, M\u00e9xico, 2022.<\/li>\n<\/ol>\n<p><strong>ART\u00cdCULOS EN REVISTAS<\/strong><\/p>\n<ol>\n<li>&#8212;&#8211; Stabridis, Omar, \u201c(In)seguridad econ\u00f3mica, pobreza y vulnerabilidad en las personas mayores en M\u00e9xico\u201d, <em>Pol\u00edtica y sociedad<\/em>, vol. 60, n\u00fam. 2, Espa\u00f1a, 2023.\u00a0<a href=\"https:\/\/doi.org\/10.5209\/poso.84553\">https:\/\/doi.org\/10.5209\/poso.84553<\/a><\/li>\n<li>&#8212;&#8211; Solis, Marlene, Felix, Acosta y Martha, Garc\u00eda, \u201c Cross-border social practices of mexican merchant women\u201d, <em>Latin American Perspectives<\/em>, vol. 20, num. 30, pp.1-15, University of California, Riverside, E.U., 2022.\u00a0<a href=\"https:\/\/doi.org\/10.1177\/0094582X221106160\">https:\/\/doi.org\/10.1177\/0094582X221106160<\/a><\/li>\n<li>&#8212;&#8211; Guti\u00e9rrez, Paloma y Iliana, Yaschine, \u201cMovilidad educativa intergeneracional en j\u00f3venes beneficiarios del Progresa-oportunidades-prospera 1997-20017\u201d <em>Gesti\u00f3n y Pol\u00edtica P\u00fablica<\/em>,\u00a0 vol. 31, n\u00fam. 2, pp. 1-34, M\u00e9xico, 2022. <a href=\"https:\/\/doi.org\/10.60583\/gypp.v31i2.1255\">https:\/\/doi.org\/10.60583\/gypp.v31i2.1255<\/a><\/li>\n<\/ol>\n<p style=\"text-align: right;\"><a href=\"https:\/\/drive.google.com\/file\/d\/1wwhNPQBVxSlqj_tXf1zXzwYvSfgsZAIo\/view?usp=sharing\" target=\"_blank\" rel=\"noopener\"><strong>Ver CV-publicaciones<\/strong><\/a><\/p>\n<p style=\"text-align: right;\"><strong>Academia.edu<\/strong><\/p>\n<p style=\"text-align: right;\"><a style=\"text-align: right;\" href=\"http:\/\/scholar.google.com.mx\/citations?user=Krvt4wgAAAAJ&amp;amp;hl=es\" target=\"_blank\" rel=\"noopener\"><strong>Google Citation<\/strong><\/a><\/p>\n<p style=\"text-align: right;\"><strong><a href=\"http:\/\/orcid.org\/0000-0003-3498-5808\" target=\"_blank\" rel=\"noopener\">ORC ID<\/a><\/strong><\/p>\n<p style=\"text-align: right;\"><a href=\"http:\/\/www.researcherid.com\/rid\/B-5652-2016\" target=\"_blank\" rel=\"noopener\"><strong>Research ID<\/strong><\/a><\/p>\n<p style=\"text-align: right;\"><strong><a href=\"http:\/\/www.redalyc.org\/autor.oa?id=941\" target=\"_blank\" rel=\"noopener\">Redalyc<\/a><\/strong><\/p>\n<p style=\"text-align: right;\"><strong><a title=\"Junta de Profesores\" href=\"http:\/\/www.colef.mx\/deap\/?page_id=26\">Regresar al directorio JPDEAP<\/a><\/strong><\/p>\n","protected":false},"excerpt":{"rendered":"<p>Director del Departamento de Estudios de Administraci\u00f3n P\u00fablica. https:\/\/orcid.org\/0000-0003-3498-5808 ordonez@colef.mx Es doctor en Ciencia Pol\u00edtica, por la Universidad Complutense de Madrid y miembro del Sistema Nacional de Investigadores (SNI) Nivel III. Es profesor-investigador de El Colef, adscrito al Departamento de Estudios de Administraci\u00f3n P\u00fablica; actualmente se desempe\u00f1a como su Director. Sus l\u00edneas de investigaci\u00f3n son: [&hellip;]<\/p>\n","protected":false},"author":1,"featured_media":0,"parent":0,"menu_order":0,"comment_status":"closed","ping_status":"open","template":"","meta":{"footnotes":""},"class_list":["post-115","page","type-page","status-publish","hentry"],"_links":{"self":[{"href":"https:\/\/www.colef.mx\/deap\/index.php?rest_route=\/wp\/v2\/pages\/115","targetHints":{"allow":["GET"]}}],"collection":[{"href":"https:\/\/www.colef.mx\/deap\/index.php?rest_route=\/wp\/v2\/pages"}],"about":[{"href":"https:\/\/www.colef.mx\/deap\/index.php?rest_route=\/wp\/v2\/types\/page"}],"author":[{"embeddable":true,"href":"https:\/\/www.colef.mx\/deap\/index.php?rest_route=\/wp\/v2\/users\/1"}],"replies":[{"embeddable":true,"href":"https:\/\/www.colef.mx\/deap\/index.php?rest_route=%2Fwp%2Fv2%2Fcomments&post=115"}],"version-history":[{"count":27,"href":"https:\/\/www.colef.mx\/deap\/index.php?rest_route=\/wp\/v2\/pages\/115\/revisions"}],"predecessor-version":[{"id":1738,"href":"https:\/\/www.colef.mx\/deap\/index.php?rest_route=\/wp\/v2\/pages\/115\/revisions\/1738"}],"wp:attachment":[{"href":"https:\/\/www.colef.mx\/deap\/index.php?rest_route=%2Fwp%2Fv2%2Fmedia&parent=115"}],"curies":[{"name":"wp","href":"https:\/\/api.w.org\/{rel}","templated":true}]}}